{"id":296,"date":"2023-07-31T11:05:51","date_gmt":"2023-07-31T17:05:51","guid":{"rendered":"https:\/\/kirasurrogacy.com\/consulta-gracias\/"},"modified":"2023-08-16T10:24:48","modified_gmt":"2023-08-16T16:24:48","slug":"consulta-gracias","status":"publish","type":"page","link":"https:\/\/kirasurrogacy.com\/es\/consulta-gracias\/","title":{"rendered":"Consulta &#8211; Gracias"},"content":{"rendered":"<div class=\"row\"  id=\"row-160245497\">\n\n\t<div id=\"col-986442326\" class=\"col medium-8 small-12 large-8\"  >\n\t\t\t\t<div class=\"col-inner\"  >\n\t\t\t\n\t\t\t\n\t<div class=\"img has-hover x md-x lg-x y md-y lg-y\" id=\"image_2111578904\">\n\t\t\t\t\t\t\t\t<div class=\"img-inner dark\" >\n\t\t\t<img loading=\"lazy\" decoding=\"async\" width=\"1020\" height=\"376\" src=\"https:\/\/kirasurrogacy.com\/wp-content\/uploads\/2023\/08\/Programs-Costs-e1691850561470-1024x377-1.png\" class=\"attachment-large size-large\" alt=\"\" srcset=\"https:\/\/kirasurrogacy.com\/wp-content\/uploads\/2023\/08\/Programs-Costs-e1691850561470-1024x377-1.png 1024w, https:\/\/kirasurrogacy.com\/wp-content\/uploads\/2023\/08\/Programs-Costs-e1691850561470-1024x377-1-300x110.png 300w, https:\/\/kirasurrogacy.com\/wp-content\/uploads\/2023\/08\/Programs-Costs-e1691850561470-1024x377-1-768x283.png 768w\" sizes=\"auto, (max-width: 1020px) 100vw, 1020px\" \/>\t\t\t\t\t\t\n\t\t\t\t\t<\/div>\n\t\t\t\t\t\t\t\t\n<style>\n#image_2111578904 {\n  width: 100%;\n}\n<\/style>\n\t<\/div>\n\t\n<div class=\"container section-title-container\" ><h3 class=\"section-title section-title-center\"><b aria-hidden=\"true\"><\/b><span class=\"section-title-main\" >Gracias por concertar una llamada<\/span><b aria-hidden=\"true\"><\/b><\/h3><\/div>\n<p>Gracias por concertar una llamada con Kira Surrogacy. Estamos deseando hablar con usted. Si tiene alguna pregunta antes de la convocatoria, no dude en ponerse en contacto con nosotros en support@kirasurrogacy.com.  <\/p>\n<p>Si necesita reprogramar o cancelar su consulta, se le proporcionar\u00e1n los detalles en el correo electr\u00f3nico de confirmaci\u00f3n.<\/p>\n\t\t<\/div>\n\t\t\t\t\t<\/div>\n\n\t\n\n\t<div id=\"col-125348451\" class=\"col medium-4 small-12 large-4\"  >\n\t\t\t\t<div class=\"col-inner\"  >\n\t\t\t\n\t\t\t\n<ul class=\"sidebar-wrapper ul-reset\"><aside id=\"recent-posts-2\" class=\"widget widget_recent_entries\">\n\t\t<span class=\"widget-title \"><span>Recent Articles From Our Blog<\/span><\/span><div class=\"is-divider small\"><\/div>\n\t\t<ul>\n\t\t\t\t\t\t\t\t\t\t\t<li>\n\t\t\t\t\t<a href=\"https:\/\/kirasurrogacy.com\/es\/2024\/05\/16\/cuanto-tiempo-se-tarda-en-emparejarse-con-una-madre-de-alquiler\/\">\u00bfCu\u00e1nto tiempo se tarda en emparejarse con una madre de alquiler?<\/a>\n\t\t\t\t\t\t\t\t\t<\/li>\n\t\t\t\t\t\t\t\t\t\t\t<li>\n\t\t\t\t\t<a href=\"https:\/\/kirasurrogacy.com\/es\/2024\/02\/22\/los-gastos-de-gestacion-subrogada-son-deducibles-de-impuestos-para-los-ciudadanos-estadounidenses\/\">\u00bfLos gastos de gestaci\u00f3n subrogada son deducibles de impuestos para los ciudadanos estadounidenses?<\/a>\n\t\t\t\t\t\t\t\t\t<\/li>\n\t\t\t\t\t\t\t\t\t\t\t<li>\n\t\t\t\t\t<a href=\"https:\/\/kirasurrogacy.com\/es\/2024\/01\/16\/como-identificar-las-senales-de-alarma-al-elegir-una-agencia-de-gestacion-subrogada-internacional\/\">C\u00f3mo identificar las se\u00f1ales de alarma al elegir una agencia de gestaci\u00f3n subrogada internacional<\/a>\n\t\t\t\t\t\t\t\t\t<\/li>\n\t\t\t\t\t\t\t\t\t\t\t<li>\n\t\t\t\t\t<a href=\"https:\/\/kirasurrogacy.com\/es\/2023\/12\/15\/como-reducir-los-costes-de-la-maternidad-subrogada\/\">C\u00f3mo reducir los costes de la maternidad subrogada<\/a>\n\t\t\t\t\t\t\t\t\t<\/li>\n\t\t\t\t\t\t\t\t\t\t\t<li>\n\t\t\t\t\t<a href=\"https:\/\/kirasurrogacy.com\/es\/2023\/11\/02\/la-clasificacion-de-embriones-y-su-viaje-de-gestacion-subrogada\/\">La clasificaci\u00f3n de embriones y su viaje de gestaci\u00f3n subrogada<\/a>\n\t\t\t\t\t\t\t\t\t<\/li>\n\t\t\t\t\t\t\t\t\t\t\t<li>\n\t\t\t\t\t<a href=\"https:\/\/kirasurrogacy.com\/es\/2023\/10\/15\/donantes-de-ovulos-en-mexico\/\">Donantes de \u00f3vulos en M\u00e9xico<\/a>\n\t\t\t\t\t\t\t\t\t<\/li>\n\t\t\t\t\t\t\t\t\t\t\t<li>\n\t\t\t\t\t<a href=\"https:\/\/kirasurrogacy.com\/es\/2023\/09\/15\/como-mejorar-la-calidad-de-su-esperma\/\">C\u00f3mo mejorar la calidad de su esperma<\/a>\n\t\t\t\t\t\t\t\t\t<\/li>\n\t\t\t\t\t\t\t\t\t\t\t<li>\n\t\t\t\t\t<a href=\"https:\/\/kirasurrogacy.com\/es\/2023\/08\/23\/gametogenesis-in-vitro-ivg-el-futuro-de-la-reproduccion-y-el-laberinto-etico-que-se-avecina\/\">Gametog\u00e9nesis in vitro (IVG): El futuro de la reproducci\u00f3n y el laberinto \u00e9tico que se avecina<\/a>\n\t\t\t\t\t\t\t\t\t<\/li>\n\t\t\t\t\t\t\t\t\t\t\t<li>\n\t\t\t\t\t<a href=\"https:\/\/kirasurrogacy.com\/es\/2023\/08\/07\/es-legal-la-gestacion-subrogada-en-mexico\/\">\u00bfEs legal la gestaci\u00f3n subrogada en M\u00e9xico?<\/a>\n\t\t\t\t\t\t\t\t\t<\/li>\n\t\t\t\t\t\t\t\t\t\t\t<li>\n\t\t\t\t\t<a href=\"https:\/\/kirasurrogacy.com\/es\/2023\/07\/22\/costes-de-la-gestacion-subrogada-en-mexico\/\">Costes de la gestaci\u00f3n subrogada en M\u00e9xico<\/a>\n\t\t\t\t\t\t\t\t\t<\/li>\n\t\t\t\t\t<\/ul>\n\n\t\t<\/aside><\/ul>\n\t\t<\/div>\n\t\t\t\t\t<\/div>\n\n\t\n<\/div>\n","protected":false},"excerpt":{"rendered":"","protected":false},"author":1,"featured_media":0,"parent":0,"menu_order":0,"comment_status":"closed","ping_status":"closed","template":"","meta":{"footnotes":"","_links_to":"","_links_to_target":""},"class_list":["post-296","page","type-page","status-publish","hentry"],"yoast_head":"<!-- This site is optimized with the Yoast SEO Premium plugin v23.0 (Yoast SEO v27.4) - https:\/\/yoast.com\/product\/yoast-seo-premium-wordpress\/ -->\n<title>Consulta - Gracias - Kira Surrogacy<\/title>\n<meta name=\"robots\" content=\"index, follow, max-snippet:-1, max-image-preview:large, max-video-preview:-1\" \/>\n<link rel=\"canonical\" href=\"https:\/\/kirasurrogacy.com\/es\/consulta-gracias\/\" \/>\n<meta property=\"og:locale\" content=\"es_ES\" \/>\n<meta property=\"og:type\" content=\"article\" \/>\n<meta property=\"og:title\" content=\"Consulta - Gracias\" \/>\n<meta property=\"og:url\" content=\"https:\/\/kirasurrogacy.com\/es\/consulta-gracias\/\" \/>\n<meta property=\"og:site_name\" content=\"Kira Surrogacy\" \/>\n<meta property=\"article:modified_time\" content=\"2023-08-16T16:24:48+00:00\" \/>\n<meta name=\"twitter:card\" content=\"summary_large_image\" \/>\n<script type=\"application\/ld+json\" class=\"yoast-schema-graph\">{\"@context\":\"https:\\\/\\\/schema.org\",\"@graph\":[{\"@type\":\"WebPage\",\"@id\":\"https:\\\/\\\/kirasurrogacy.com\\\/es\\\/consulta-gracias\\\/\",\"url\":\"https:\\\/\\\/kirasurrogacy.com\\\/es\\\/consulta-gracias\\\/\",\"name\":\"Consulta - Gracias - Kira Surrogacy\",\"isPartOf\":{\"@id\":\"https:\\\/\\\/kirasurrogacy.com\\\/es\\\/#website\"},\"datePublished\":\"2023-07-31T17:05:51+00:00\",\"dateModified\":\"2023-08-16T16:24:48+00:00\",\"breadcrumb\":{\"@id\":\"https:\\\/\\\/kirasurrogacy.com\\\/es\\\/consulta-gracias\\\/#breadcrumb\"},\"inLanguage\":\"es\",\"potentialAction\":[{\"@type\":\"ReadAction\",\"target\":[\"https:\\\/\\\/kirasurrogacy.com\\\/es\\\/consulta-gracias\\\/\"]}]},{\"@type\":\"BreadcrumbList\",\"@id\":\"https:\\\/\\\/kirasurrogacy.com\\\/es\\\/consulta-gracias\\\/#breadcrumb\",\"itemListElement\":[{\"@type\":\"ListItem\",\"position\":1,\"name\":\"Home\",\"item\":\"https:\\\/\\\/kirasurrogacy.com\\\/es\\\/inicio\\\/\"},{\"@type\":\"ListItem\",\"position\":2,\"name\":\"Consulta &#8211; Gracias\"}]},{\"@type\":\"WebSite\",\"@id\":\"https:\\\/\\\/kirasurrogacy.com\\\/es\\\/#website\",\"url\":\"https:\\\/\\\/kirasurrogacy.com\\\/es\\\/\",\"name\":\"Kira Surrogacy\",\"description\":\"Guaranteed Surrogacy in Mexico\",\"publisher\":{\"@id\":\"https:\\\/\\\/kirasurrogacy.com\\\/es\\\/#organization\"},\"potentialAction\":[{\"@type\":\"SearchAction\",\"target\":{\"@type\":\"EntryPoint\",\"urlTemplate\":\"https:\\\/\\\/kirasurrogacy.com\\\/es\\\/?s={search_term_string}\"},\"query-input\":{\"@type\":\"PropertyValueSpecification\",\"valueRequired\":true,\"valueName\":\"search_term_string\"}}],\"inLanguage\":\"es\"},{\"@type\":\"Organization\",\"@id\":\"https:\\\/\\\/kirasurrogacy.com\\\/es\\\/#organization\",\"name\":\"Kira Surrogacy\",\"url\":\"https:\\\/\\\/kirasurrogacy.com\\\/es\\\/\",\"logo\":{\"@type\":\"ImageObject\",\"inLanguage\":\"es\",\"@id\":\"https:\\\/\\\/kirasurrogacy.com\\\/es\\\/#\\\/schema\\\/logo\\\/image\\\/\",\"url\":\"https:\\\/\\\/kirasurrogacy.com\\\/wp-content\\\/uploads\\\/2023\\\/05\\\/kira-surrogacy-logo.png\",\"contentUrl\":\"https:\\\/\\\/kirasurrogacy.com\\\/wp-content\\\/uploads\\\/2023\\\/05\\\/kira-surrogacy-logo.png\",\"width\":5104,\"height\":758,\"caption\":\"Kira Surrogacy\"},\"image\":{\"@id\":\"https:\\\/\\\/kirasurrogacy.com\\\/es\\\/#\\\/schema\\\/logo\\\/image\\\/\"}}]}<\/script>\n<!-- \/ Yoast SEO Premium plugin. -->","yoast_head_json":{"title":"Consulta - Gracias - Kira Surrogacy","robots":{"index":"index","follow":"follow","max-snippet":"max-snippet:-1","max-image-preview":"max-image-preview:large","max-video-preview":"max-video-preview:-1"},"canonical":"https:\/\/kirasurrogacy.com\/es\/consulta-gracias\/","og_locale":"es_ES","og_type":"article","og_title":"Consulta - Gracias","og_url":"https:\/\/kirasurrogacy.com\/es\/consulta-gracias\/","og_site_name":"Kira Surrogacy","article_modified_time":"2023-08-16T16:24:48+00:00","twitter_card":"summary_large_image","schema":{"@context":"https:\/\/schema.org","@graph":[{"@type":"WebPage","@id":"https:\/\/kirasurrogacy.com\/es\/consulta-gracias\/","url":"https:\/\/kirasurrogacy.com\/es\/consulta-gracias\/","name":"Consulta - Gracias - Kira Surrogacy","isPartOf":{"@id":"https:\/\/kirasurrogacy.com\/es\/#website"},"datePublished":"2023-07-31T17:05:51+00:00","dateModified":"2023-08-16T16:24:48+00:00","breadcrumb":{"@id":"https:\/\/kirasurrogacy.com\/es\/consulta-gracias\/#breadcrumb"},"inLanguage":"es","potentialAction":[{"@type":"ReadAction","target":["https:\/\/kirasurrogacy.com\/es\/consulta-gracias\/"]}]},{"@type":"BreadcrumbList","@id":"https:\/\/kirasurrogacy.com\/es\/consulta-gracias\/#breadcrumb","itemListElement":[{"@type":"ListItem","position":1,"name":"Home","item":"https:\/\/kirasurrogacy.com\/es\/inicio\/"},{"@type":"ListItem","position":2,"name":"Consulta &#8211; Gracias"}]},{"@type":"WebSite","@id":"https:\/\/kirasurrogacy.com\/es\/#website","url":"https:\/\/kirasurrogacy.com\/es\/","name":"Kira Surrogacy","description":"Guaranteed Surrogacy in Mexico","publisher":{"@id":"https:\/\/kirasurrogacy.com\/es\/#organization"},"potentialAction":[{"@type":"SearchAction","target":{"@type":"EntryPoint","urlTemplate":"https:\/\/kirasurrogacy.com\/es\/?s={search_term_string}"},"query-input":{"@type":"PropertyValueSpecification","valueRequired":true,"valueName":"search_term_string"}}],"inLanguage":"es"},{"@type":"Organization","@id":"https:\/\/kirasurrogacy.com\/es\/#organization","name":"Kira Surrogacy","url":"https:\/\/kirasurrogacy.com\/es\/","logo":{"@type":"ImageObject","inLanguage":"es","@id":"https:\/\/kirasurrogacy.com\/es\/#\/schema\/logo\/image\/","url":"https:\/\/kirasurrogacy.com\/wp-content\/uploads\/2023\/05\/kira-surrogacy-logo.png","contentUrl":"https:\/\/kirasurrogacy.com\/wp-content\/uploads\/2023\/05\/kira-surrogacy-logo.png","width":5104,"height":758,"caption":"Kira Surrogacy"},"image":{"@id":"https:\/\/kirasurrogacy.com\/es\/#\/schema\/logo\/image\/"}}]}},"_links":{"self":[{"href":"https:\/\/kirasurrogacy.com\/es\/wp-json\/wp\/v2\/pages\/296","targetHints":{"allow":["GET"]}}],"collection":[{"href":"https:\/\/kirasurrogacy.com\/es\/wp-json\/wp\/v2\/pages"}],"about":[{"href":"https:\/\/kirasurrogacy.com\/es\/wp-json\/wp\/v2\/types\/page"}],"author":[{"embeddable":true,"href":"https:\/\/kirasurrogacy.com\/es\/wp-json\/wp\/v2\/users\/1"}],"replies":[{"embeddable":true,"href":"https:\/\/kirasurrogacy.com\/es\/wp-json\/wp\/v2\/comments?post=296"}],"version-history":[{"count":0,"href":"https:\/\/kirasurrogacy.com\/es\/wp-json\/wp\/v2\/pages\/296\/revisions"}],"wp:attachment":[{"href":"https:\/\/kirasurrogacy.com\/es\/wp-json\/wp\/v2\/media?parent=296"}],"curies":[{"name":"wp","href":"https:\/\/api.w.org\/{rel}","templated":true}]}}