{"id":297,"date":"2023-05-16T08:16:40","date_gmt":"2023-05-16T14:16:40","guid":{"rendered":"https:\/\/kirasurrogacy.com\/condiciones-del-acuerdo\/"},"modified":"2023-05-16T08:16:40","modified_gmt":"2023-05-16T14:16:40","slug":"condiciones-del-acuerdo","status":"publish","type":"page","link":"https:\/\/kirasurrogacy.com\/es\/condiciones-del-acuerdo\/","title":{"rendered":"Condiciones del acuerdo"},"content":{"rendered":"<h2>Condiciones del acuerdo<\/h2>\n<p>Aceptaci\u00f3n de las condiciones: Al acceder y utilizar este sitio web, acepta quedar vinculado por las presentes condiciones de uso.<\/p>\n<p>Derechos de autor y propiedad intelectual: Todo el contenido de este sitio web, incluidos textos, gr\u00e1ficos, logotipos, im\u00e1genes y software, es propiedad del propietario del sitio web y est\u00e1 protegido por derechos de autor y otras leyes de propiedad intelectual. No puede utilizar ni reproducir ning\u00fan contenido sin el permiso expreso por escrito del propietario del sitio web.<\/p>\n<p>Conducta del usuario: Usted se compromete a utilizar este sitio web \u00fanicamente con fines l\u00edcitos y de una manera que no infrinja los derechos de terceros ni restrinja su uso del sitio web.<\/p>\n<p>Enlaces de terceros: Este sitio web puede contener enlaces a sitios web de terceros que no son propiedad ni est\u00e1n gestionados por el propietario del sitio web. El propietario del sitio web no es responsable del contenido ni de las pr\u00e1cticas de privacidad de estos sitios web de terceros.<\/p>\n<p>Exclusi\u00f3n de garant\u00edas: Este sitio web se proporciona &#8220;tal cual&#8221;, sin garant\u00edas de ning\u00fan tipo, ni expresas ni impl\u00edcitas. El propietario del sitio web no garantiza que el sitio web sea ininterrumpido o est\u00e9 libre de errores, ni tampoco garantiza la exactitud o fiabilidad del contenido del sitio web.<\/p>\n<p>Limitaci\u00f3n de responsabilidad: En ning\u00fan caso el propietario del sitio web ser\u00e1 responsable de los da\u00f1os derivados del uso de este sitio web, incluidos, entre otros, los da\u00f1os directos, indirectos, incidentales, punitivos y consecuentes.<\/p>\n<p>Indemnizaci\u00f3n: Usted acepta indemnizar y mantener indemne al propietario del sitio web frente a cualquier reclamaci\u00f3n, da\u00f1o o gasto derivado del uso que usted haga de este sitio web o de la infracci\u00f3n por su parte de las presentes condiciones.<\/p>\n<p>Legislaci\u00f3n aplicable: Estos t\u00e9rminos y condiciones se regir\u00e1n e interpretar\u00e1n de acuerdo con las leyes de la jurisdicci\u00f3n en la que se encuentra el propietario del sitio web.<\/p>\n<p>Modificaci\u00f3n de las condiciones: El propietario del sitio web se reserva el derecho de modificar estos t\u00e9rminos y condiciones en cualquier momento sin previo aviso. El uso continuado de este sitio web despu\u00e9s de cualquiera de dichas modificaciones constituye su aceptaci\u00f3n de los nuevos t\u00e9rminos y condiciones.<\/p>\n<p>Rescisi\u00f3n: El propietario del sitio web se reserva el derecho de cancelar su acceso a este sitio web en cualquier momento y por cualquier motivo sin previo aviso.<\/p>\n","protected":false},"excerpt":{"rendered":"<p>Condiciones del acuerdo Aceptaci\u00f3n de las condiciones: Al acceder y utilizar este sitio web, acepta quedar vinculado por las presentes condiciones de uso. Derechos de autor y propiedad intelectual: Todo el contenido de este sitio web, incluidos textos, gr\u00e1ficos, logotipos, im\u00e1genes y software, es propiedad del propietario del sitio web y est\u00e1 protegido por derechos [&#8230;]\n","protected":false},"author":1,"featured_media":0,"parent":0,"menu_order":0,"comment_status":"closed","ping_status":"closed","template":"","meta":{"footnotes":"","_links_to":"","_links_to_target":""},"class_list":["post-297","page","type-page","status-publish","hentry"],"yoast_head":"<!-- This site is optimized with the Yoast SEO Premium plugin v23.0 (Yoast SEO v27.4) - https:\/\/yoast.com\/product\/yoast-seo-premium-wordpress\/ -->\n<title>Condiciones del acuerdo - Kira Surrogacy<\/title>\n<meta name=\"robots\" content=\"index, follow, max-snippet:-1, max-image-preview:large, max-video-preview:-1\" \/>\n<link rel=\"canonical\" href=\"https:\/\/kirasurrogacy.com\/es\/condiciones-del-acuerdo\/\" \/>\n<meta property=\"og:locale\" content=\"es_ES\" \/>\n<meta property=\"og:type\" content=\"article\" \/>\n<meta property=\"og:title\" content=\"Condiciones del acuerdo\" \/>\n<meta property=\"og:description\" content=\"Condiciones del acuerdo Aceptaci\u00f3n de las condiciones: Al acceder y utilizar este sitio web, acepta quedar vinculado por las presentes condiciones de uso. Derechos de autor y propiedad intelectual: Todo el contenido de este sitio web, incluidos textos, gr\u00e1ficos, logotipos, im\u00e1genes y software, es propiedad del propietario del sitio web y est\u00e1 protegido por derechos [...]\" \/>\n<meta property=\"og:url\" content=\"https:\/\/kirasurrogacy.com\/es\/condiciones-del-acuerdo\/\" \/>\n<meta property=\"og:site_name\" content=\"Kira Surrogacy\" \/>\n<meta name=\"twitter:card\" content=\"summary_large_image\" \/>\n<meta name=\"twitter:label1\" content=\"Tiempo de lectura\" \/>\n\t<meta name=\"twitter:data1\" content=\"2 minutos\" \/>\n<script type=\"application\/ld+json\" class=\"yoast-schema-graph\">{\"@context\":\"https:\\\/\\\/schema.org\",\"@graph\":[{\"@type\":\"WebPage\",\"@id\":\"https:\\\/\\\/kirasurrogacy.com\\\/es\\\/condiciones-del-acuerdo\\\/\",\"url\":\"https:\\\/\\\/kirasurrogacy.com\\\/es\\\/condiciones-del-acuerdo\\\/\",\"name\":\"Condiciones del acuerdo - Kira Surrogacy\",\"isPartOf\":{\"@id\":\"https:\\\/\\\/kirasurrogacy.com\\\/es\\\/#website\"},\"datePublished\":\"2023-05-16T14:16:40+00:00\",\"breadcrumb\":{\"@id\":\"https:\\\/\\\/kirasurrogacy.com\\\/es\\\/condiciones-del-acuerdo\\\/#breadcrumb\"},\"inLanguage\":\"es\",\"potentialAction\":[{\"@type\":\"ReadAction\",\"target\":[\"https:\\\/\\\/kirasurrogacy.com\\\/es\\\/condiciones-del-acuerdo\\\/\"]}]},{\"@type\":\"BreadcrumbList\",\"@id\":\"https:\\\/\\\/kirasurrogacy.com\\\/es\\\/condiciones-del-acuerdo\\\/#breadcrumb\",\"itemListElement\":[{\"@type\":\"ListItem\",\"position\":1,\"name\":\"Home\",\"item\":\"https:\\\/\\\/kirasurrogacy.com\\\/es\\\/inicio\\\/\"},{\"@type\":\"ListItem\",\"position\":2,\"name\":\"Condiciones del acuerdo\"}]},{\"@type\":\"WebSite\",\"@id\":\"https:\\\/\\\/kirasurrogacy.com\\\/es\\\/#website\",\"url\":\"https:\\\/\\\/kirasurrogacy.com\\\/es\\\/\",\"name\":\"Kira Surrogacy\",\"description\":\"Guaranteed Surrogacy in Mexico\",\"publisher\":{\"@id\":\"https:\\\/\\\/kirasurrogacy.com\\\/es\\\/#organization\"},\"potentialAction\":[{\"@type\":\"SearchAction\",\"target\":{\"@type\":\"EntryPoint\",\"urlTemplate\":\"https:\\\/\\\/kirasurrogacy.com\\\/es\\\/?s={search_term_string}\"},\"query-input\":{\"@type\":\"PropertyValueSpecification\",\"valueRequired\":true,\"valueName\":\"search_term_string\"}}],\"inLanguage\":\"es\"},{\"@type\":\"Organization\",\"@id\":\"https:\\\/\\\/kirasurrogacy.com\\\/es\\\/#organization\",\"name\":\"Kira Surrogacy\",\"url\":\"https:\\\/\\\/kirasurrogacy.com\\\/es\\\/\",\"logo\":{\"@type\":\"ImageObject\",\"inLanguage\":\"es\",\"@id\":\"https:\\\/\\\/kirasurrogacy.com\\\/es\\\/#\\\/schema\\\/logo\\\/image\\\/\",\"url\":\"https:\\\/\\\/kirasurrogacy.com\\\/wp-content\\\/uploads\\\/2023\\\/05\\\/kira-surrogacy-logo.png\",\"contentUrl\":\"https:\\\/\\\/kirasurrogacy.com\\\/wp-content\\\/uploads\\\/2023\\\/05\\\/kira-surrogacy-logo.png\",\"width\":5104,\"height\":758,\"caption\":\"Kira Surrogacy\"},\"image\":{\"@id\":\"https:\\\/\\\/kirasurrogacy.com\\\/es\\\/#\\\/schema\\\/logo\\\/image\\\/\"}}]}<\/script>\n<!-- \/ Yoast SEO Premium plugin. -->","yoast_head_json":{"title":"Condiciones del acuerdo - Kira Surrogacy","robots":{"index":"index","follow":"follow","max-snippet":"max-snippet:-1","max-image-preview":"max-image-preview:large","max-video-preview":"max-video-preview:-1"},"canonical":"https:\/\/kirasurrogacy.com\/es\/condiciones-del-acuerdo\/","og_locale":"es_ES","og_type":"article","og_title":"Condiciones del acuerdo","og_description":"Condiciones del acuerdo Aceptaci\u00f3n de las condiciones: Al acceder y utilizar este sitio web, acepta quedar vinculado por las presentes condiciones de uso. Derechos de autor y propiedad intelectual: Todo el contenido de este sitio web, incluidos textos, gr\u00e1ficos, logotipos, im\u00e1genes y software, es propiedad del propietario del sitio web y est\u00e1 protegido por derechos [...]","og_url":"https:\/\/kirasurrogacy.com\/es\/condiciones-del-acuerdo\/","og_site_name":"Kira Surrogacy","twitter_card":"summary_large_image","twitter_misc":{"Tiempo de lectura":"2 minutos"},"schema":{"@context":"https:\/\/schema.org","@graph":[{"@type":"WebPage","@id":"https:\/\/kirasurrogacy.com\/es\/condiciones-del-acuerdo\/","url":"https:\/\/kirasurrogacy.com\/es\/condiciones-del-acuerdo\/","name":"Condiciones del acuerdo - Kira Surrogacy","isPartOf":{"@id":"https:\/\/kirasurrogacy.com\/es\/#website"},"datePublished":"2023-05-16T14:16:40+00:00","breadcrumb":{"@id":"https:\/\/kirasurrogacy.com\/es\/condiciones-del-acuerdo\/#breadcrumb"},"inLanguage":"es","potentialAction":[{"@type":"ReadAction","target":["https:\/\/kirasurrogacy.com\/es\/condiciones-del-acuerdo\/"]}]},{"@type":"BreadcrumbList","@id":"https:\/\/kirasurrogacy.com\/es\/condiciones-del-acuerdo\/#breadcrumb","itemListElement":[{"@type":"ListItem","position":1,"name":"Home","item":"https:\/\/kirasurrogacy.com\/es\/inicio\/"},{"@type":"ListItem","position":2,"name":"Condiciones del acuerdo"}]},{"@type":"WebSite","@id":"https:\/\/kirasurrogacy.com\/es\/#website","url":"https:\/\/kirasurrogacy.com\/es\/","name":"Kira Surrogacy","description":"Guaranteed Surrogacy in Mexico","publisher":{"@id":"https:\/\/kirasurrogacy.com\/es\/#organization"},"potentialAction":[{"@type":"SearchAction","target":{"@type":"EntryPoint","urlTemplate":"https:\/\/kirasurrogacy.com\/es\/?s={search_term_string}"},"query-input":{"@type":"PropertyValueSpecification","valueRequired":true,"valueName":"search_term_string"}}],"inLanguage":"es"},{"@type":"Organization","@id":"https:\/\/kirasurrogacy.com\/es\/#organization","name":"Kira Surrogacy","url":"https:\/\/kirasurrogacy.com\/es\/","logo":{"@type":"ImageObject","inLanguage":"es","@id":"https:\/\/kirasurrogacy.com\/es\/#\/schema\/logo\/image\/","url":"https:\/\/kirasurrogacy.com\/wp-content\/uploads\/2023\/05\/kira-surrogacy-logo.png","contentUrl":"https:\/\/kirasurrogacy.com\/wp-content\/uploads\/2023\/05\/kira-surrogacy-logo.png","width":5104,"height":758,"caption":"Kira Surrogacy"},"image":{"@id":"https:\/\/kirasurrogacy.com\/es\/#\/schema\/logo\/image\/"}}]}},"_links":{"self":[{"href":"https:\/\/kirasurrogacy.com\/es\/wp-json\/wp\/v2\/pages\/297","targetHints":{"allow":["GET"]}}],"collection":[{"href":"https:\/\/kirasurrogacy.com\/es\/wp-json\/wp\/v2\/pages"}],"about":[{"href":"https:\/\/kirasurrogacy.com\/es\/wp-json\/wp\/v2\/types\/page"}],"author":[{"embeddable":true,"href":"https:\/\/kirasurrogacy.com\/es\/wp-json\/wp\/v2\/users\/1"}],"replies":[{"embeddable":true,"href":"https:\/\/kirasurrogacy.com\/es\/wp-json\/wp\/v2\/comments?post=297"}],"version-history":[{"count":0,"href":"https:\/\/kirasurrogacy.com\/es\/wp-json\/wp\/v2\/pages\/297\/revisions"}],"wp:attachment":[{"href":"https:\/\/kirasurrogacy.com\/es\/wp-json\/wp\/v2\/media?parent=297"}],"curies":[{"name":"wp","href":"https:\/\/api.w.org\/{rel}","templated":true}]}}