{"id":299,"date":"2023-02-25T13:01:05","date_gmt":"2023-02-25T19:01:05","guid":{"rendered":"https:\/\/kirasurrogacy.com\/contacte-con-nosotros\/"},"modified":"2023-08-08T10:29:31","modified_gmt":"2023-08-08T16:29:31","slug":"contacte-con-nosotros","status":"publish","type":"page","link":"https:\/\/kirasurrogacy.com\/es\/contacte-con-nosotros\/","title":{"rendered":"Cont\u00e1ctanos"},"content":{"rendered":"<div class=\"row\"  id=\"row-1959351967\">\n\n\t<div id=\"col-1056113723\" class=\"col medium-8 small-12 large-8\"  >\n\t\t\t\t<div class=\"col-inner\"  >\n\t\t\t\n\t\t\t\n\t<div class=\"img has-hover x md-x lg-x y md-y lg-y\" id=\"image_1482918074\">\n\t\t\t\t\t\t\t\t<div class=\"img-inner dark\" >\n\t\t\t<img loading=\"lazy\" decoding=\"async\" width=\"1020\" height=\"402\" src=\"https:\/\/kirasurrogacy.com\/wp-content\/uploads\/2023\/05\/contact-us-scaled-e1683670762492-1024x404.jpeg\" class=\"attachment-large size-large\" alt=\"\" srcset=\"https:\/\/kirasurrogacy.com\/wp-content\/uploads\/2023\/05\/contact-us-scaled-e1683670762492-1024x404.jpeg 1024w, https:\/\/kirasurrogacy.com\/wp-content\/uploads\/2023\/05\/contact-us-scaled-e1683670762492-300x119.jpeg 300w, https:\/\/kirasurrogacy.com\/wp-content\/uploads\/2023\/05\/contact-us-scaled-e1683670762492-768x303.jpeg 768w, https:\/\/kirasurrogacy.com\/wp-content\/uploads\/2023\/05\/contact-us-scaled-e1683670762492-1536x607.jpeg 1536w, https:\/\/kirasurrogacy.com\/wp-content\/uploads\/2023\/05\/contact-us-scaled-e1683670762492.jpeg 2000w\" sizes=\"auto, (max-width: 1020px) 100vw, 1020px\" \/>\t\t\t\t\t\t\n\t\t\t\t\t<\/div>\n\t\t\t\t\t\t\t\t\n<style>\n#image_1482918074 {\n  width: 100%;\n}\n<\/style>\n\t<\/div>\n\t\n<a href=\"https:\/\/calendly.com\/kirasurrogacy\/30min\" target=\"_blank\" class=\"button primary is-shade box-shadow-3 box-shadow-5-hover\" rel=\"noopener\" style=\"border-radius:5px;padding:0px 10px 0px 10px;\">\n\t\t<span>Concertar una consulta gratuita<\/span>\n\t<\/a>\n\n\n<h2 style=\"padding-top: 20px;\">Contacte con nosotros<\/h2>\n<p>Kira Surrogacy se compromete a proporcionar una comunicaci\u00f3n fluida para todas las consultas e inquietudes. Para su comodidad, hemos establecido m\u00faltiples v\u00edas de contacto. Puede ponerse en contacto con nosotros por correo electr\u00f3nico en support@kirasurrogacy.com, o por tel\u00e9fono en el +1 (855) 544-8229. Esperamos con impaciencia su correspondencia y estamos dispuestos a ofrecerle nuestra experta orientaci\u00f3n y apoyo.<\/p>\n\n<div class=\"wpcf7 no-js\" id=\"wpcf7-f325-o1\" lang=\"es-ES\" dir=\"ltr\" data-wpcf7-id=\"325\">\n<div class=\"screen-reader-response\"><p role=\"status\" aria-live=\"polite\" aria-atomic=\"true\"><\/p> <ul><\/ul><\/div>\n<form action=\"\/es\/wp-json\/wp\/v2\/pages\/299#wpcf7-f325-o1\" method=\"post\" class=\"wpcf7-form init\" aria-label=\"Formulario de contacto\" novalidate=\"novalidate\" data-status=\"init\">\n<fieldset class=\"hidden-fields-container\"><input type=\"hidden\" name=\"_wpcf7\" value=\"325\" \/><input type=\"hidden\" name=\"_wpcf7_version\" value=\"6.1.5\" \/><input type=\"hidden\" name=\"_wpcf7_locale\" value=\"es_ES\" \/><input type=\"hidden\" name=\"_wpcf7_unit_tag\" value=\"wpcf7-f325-o1\" \/><input type=\"hidden\" name=\"_wpcf7_container_post\" value=\"0\" \/><input type=\"hidden\" name=\"_wpcf7_posted_data_hash\" value=\"\" \/>\n<\/fieldset>\n<p><label> Su nombre<br \/>\n<span class=\"wpcf7-form-control-wrap\" data-name=\"your-name\"><input size=\"40\" maxlength=\"400\" class=\"wpcf7-form-control wpcf7-text wpcf7-validates-as-required\" autocomplete=\"name\" aria-required=\"true\" aria-invalid=\"false\" value=\"\" type=\"text\" name=\"your-name\" \/><\/span> <\/label>\n<\/p>\n<p><label> Tu correo electr\u00f3nico<br \/>\n<span class=\"wpcf7-form-control-wrap\" data-name=\"your-email\"><input size=\"40\" maxlength=\"400\" class=\"wpcf7-form-control wpcf7-email wpcf7-validates-as-required wpcf7-text wpcf7-validates-as-email\" autocomplete=\"email\" aria-required=\"true\" aria-invalid=\"false\" value=\"\" type=\"email\" name=\"your-email\" \/><\/span> <\/label>\n<\/p>\n<p><label> Asunto<br \/>\n<span class=\"wpcf7-form-control-wrap\" data-name=\"your-subject\"><input size=\"40\" maxlength=\"400\" class=\"wpcf7-form-control wpcf7-text wpcf7-validates-as-required\" aria-required=\"true\" aria-invalid=\"false\" value=\"\" type=\"text\" name=\"your-subject\" \/><\/span> <\/label>\n<\/p>\n<p><label> Su mensaje (opcional)<br \/>\n<span class=\"wpcf7-form-control-wrap\" data-name=\"your-message\"><textarea cols=\"40\" rows=\"10\" maxlength=\"2000\" class=\"wpcf7-form-control wpcf7-textarea\" aria-invalid=\"false\" name=\"your-message\"><\/textarea><\/span> <\/label>\n<\/p>\n<p><input class=\"wpcf7-form-control wpcf7-submit has-spinner\" type=\"submit\" value=\"Submit\" \/>\n<\/p><div class=\"wpcf7-response-output\" aria-hidden=\"true\"><\/div>\n<\/form>\n<\/div>\n\n\n\t\t<\/div>\n\t\t\t\t\t<\/div>\n\n\t\n\n\t<div id=\"col-1747612371\" class=\"col medium-4 small-12 large-4\"  >\n\t\t\t\t<div class=\"col-inner\"  >\n\t\t\t\n\t\t\t\n\t<div class=\"box has-hover   has-hover box-text-bottom\" >\n\n\t\t<div class=\"box-image\" >\n\t\t\t\t\t\t<div class=\"\" >\n\t\t\t\t<img loading=\"lazy\" decoding=\"async\" width=\"1160\" height=\"1160\" src=\"https:\/\/kirasurrogacy.com\/wp-content\/uploads\/2023\/05\/kira-client-qr-code.jpg\" class=\"attachment- size-\" alt=\"\" srcset=\"https:\/\/kirasurrogacy.com\/wp-content\/uploads\/2023\/05\/kira-client-qr-code.jpg 1160w, https:\/\/kirasurrogacy.com\/wp-content\/uploads\/2023\/05\/kira-client-qr-code-300x300.jpg 300w, https:\/\/kirasurrogacy.com\/wp-content\/uploads\/2023\/05\/kira-client-qr-code-1024x1024.jpg 1024w, https:\/\/kirasurrogacy.com\/wp-content\/uploads\/2023\/05\/kira-client-qr-code-150x150.jpg 150w, https:\/\/kirasurrogacy.com\/wp-content\/uploads\/2023\/05\/kira-client-qr-code-768x768.jpg 768w\" sizes=\"auto, (max-width: 1160px) 100vw, 1160px\" \/>\t\t\t\t\t\t\t\t\t\t\t<\/div>\n\t\t\t\t\t<\/div>\n\n\t\t<div class=\"box-text text-center\" >\n\t\t\t<div class=\"box-text-inner\">\n\t\t\t\t\n<h4>Descargar la aplicaci\u00f3n Kira Surrogacy Client<\/h4>\n<p>Planifique su programa, calcule los costes y reciba recomendaciones personalizadas, todo en un mismo lugar. Para acceder al escritorio, visite <a href=\"https:\/\/kiraclient.com\" target=\"_blank\" rel=\"noopener\">kiraclient.com<\/a><\/p>\n\t\t\t<\/div>\n\t\t<\/div>\n\t<\/div>\n\t\n\t\t<\/div>\n\t\t\t\t\t<\/div>\n\n\t\n<\/div>\n","protected":false},"excerpt":{"rendered":"","protected":false},"author":1,"featured_media":0,"parent":0,"menu_order":0,"comment_status":"closed","ping_status":"closed","template":"","meta":{"footnotes":"","_links_to":"","_links_to_target":""},"class_list":["post-299","page","type-page","status-publish","hentry"],"yoast_head":"<!-- This site is optimized with the Yoast SEO Premium plugin v23.0 (Yoast SEO v27.4) - https:\/\/yoast.com\/product\/yoast-seo-premium-wordpress\/ -->\n<title>Cont\u00e1ctanos - Kira Surrogacy<\/title>\n<meta name=\"robots\" content=\"index, follow, max-snippet:-1, max-image-preview:large, max-video-preview:-1\" \/>\n<link rel=\"canonical\" href=\"https:\/\/kirasurrogacy.com\/es\/contacte-con-nosotros\/\" \/>\n<meta property=\"og:locale\" content=\"es_ES\" \/>\n<meta property=\"og:type\" content=\"article\" \/>\n<meta property=\"og:title\" content=\"Cont\u00e1ctanos\" \/>\n<meta property=\"og:url\" content=\"https:\/\/kirasurrogacy.com\/es\/contacte-con-nosotros\/\" \/>\n<meta property=\"og:site_name\" content=\"Kira Surrogacy\" \/>\n<meta property=\"article:modified_time\" content=\"2023-08-08T16:29:31+00:00\" \/>\n<meta name=\"twitter:card\" content=\"summary_large_image\" \/>\n<meta name=\"twitter:label1\" content=\"Tiempo de lectura\" \/>\n\t<meta name=\"twitter:data1\" content=\"1 minuto\" \/>\n<script type=\"application\/ld+json\" class=\"yoast-schema-graph\">{\"@context\":\"https:\\\/\\\/schema.org\",\"@graph\":[{\"@type\":\"WebPage\",\"@id\":\"https:\\\/\\\/kirasurrogacy.com\\\/es\\\/contacte-con-nosotros\\\/\",\"url\":\"https:\\\/\\\/kirasurrogacy.com\\\/es\\\/contacte-con-nosotros\\\/\",\"name\":\"Cont\u00e1ctanos - Kira Surrogacy\",\"isPartOf\":{\"@id\":\"https:\\\/\\\/kirasurrogacy.com\\\/es\\\/#website\"},\"datePublished\":\"2023-02-25T19:01:05+00:00\",\"dateModified\":\"2023-08-08T16:29:31+00:00\",\"breadcrumb\":{\"@id\":\"https:\\\/\\\/kirasurrogacy.com\\\/es\\\/contacte-con-nosotros\\\/#breadcrumb\"},\"inLanguage\":\"es\",\"potentialAction\":[{\"@type\":\"ReadAction\",\"target\":[\"https:\\\/\\\/kirasurrogacy.com\\\/es\\\/contacte-con-nosotros\\\/\"]}]},{\"@type\":\"BreadcrumbList\",\"@id\":\"https:\\\/\\\/kirasurrogacy.com\\\/es\\\/contacte-con-nosotros\\\/#breadcrumb\",\"itemListElement\":[{\"@type\":\"ListItem\",\"position\":1,\"name\":\"Home\",\"item\":\"https:\\\/\\\/kirasurrogacy.com\\\/es\\\/inicio\\\/\"},{\"@type\":\"ListItem\",\"position\":2,\"name\":\"Cont\u00e1ctanos\"}]},{\"@type\":\"WebSite\",\"@id\":\"https:\\\/\\\/kirasurrogacy.com\\\/es\\\/#website\",\"url\":\"https:\\\/\\\/kirasurrogacy.com\\\/es\\\/\",\"name\":\"Kira Surrogacy\",\"description\":\"Guaranteed Surrogacy in Mexico\",\"publisher\":{\"@id\":\"https:\\\/\\\/kirasurrogacy.com\\\/es\\\/#organization\"},\"potentialAction\":[{\"@type\":\"SearchAction\",\"target\":{\"@type\":\"EntryPoint\",\"urlTemplate\":\"https:\\\/\\\/kirasurrogacy.com\\\/es\\\/?s={search_term_string}\"},\"query-input\":{\"@type\":\"PropertyValueSpecification\",\"valueRequired\":true,\"valueName\":\"search_term_string\"}}],\"inLanguage\":\"es\"},{\"@type\":\"Organization\",\"@id\":\"https:\\\/\\\/kirasurrogacy.com\\\/es\\\/#organization\",\"name\":\"Kira Surrogacy\",\"url\":\"https:\\\/\\\/kirasurrogacy.com\\\/es\\\/\",\"logo\":{\"@type\":\"ImageObject\",\"inLanguage\":\"es\",\"@id\":\"https:\\\/\\\/kirasurrogacy.com\\\/es\\\/#\\\/schema\\\/logo\\\/image\\\/\",\"url\":\"https:\\\/\\\/kirasurrogacy.com\\\/wp-content\\\/uploads\\\/2023\\\/05\\\/kira-surrogacy-logo.png\",\"contentUrl\":\"https:\\\/\\\/kirasurrogacy.com\\\/wp-content\\\/uploads\\\/2023\\\/05\\\/kira-surrogacy-logo.png\",\"width\":5104,\"height\":758,\"caption\":\"Kira Surrogacy\"},\"image\":{\"@id\":\"https:\\\/\\\/kirasurrogacy.com\\\/es\\\/#\\\/schema\\\/logo\\\/image\\\/\"}}]}<\/script>\n<!-- \/ Yoast SEO Premium plugin. -->","yoast_head_json":{"title":"Cont\u00e1ctanos - Kira Surrogacy","robots":{"index":"index","follow":"follow","max-snippet":"max-snippet:-1","max-image-preview":"max-image-preview:large","max-video-preview":"max-video-preview:-1"},"canonical":"https:\/\/kirasurrogacy.com\/es\/contacte-con-nosotros\/","og_locale":"es_ES","og_type":"article","og_title":"Cont\u00e1ctanos","og_url":"https:\/\/kirasurrogacy.com\/es\/contacte-con-nosotros\/","og_site_name":"Kira Surrogacy","article_modified_time":"2023-08-08T16:29:31+00:00","twitter_card":"summary_large_image","twitter_misc":{"Tiempo de lectura":"1 minuto"},"schema":{"@context":"https:\/\/schema.org","@graph":[{"@type":"WebPage","@id":"https:\/\/kirasurrogacy.com\/es\/contacte-con-nosotros\/","url":"https:\/\/kirasurrogacy.com\/es\/contacte-con-nosotros\/","name":"Cont\u00e1ctanos - Kira Surrogacy","isPartOf":{"@id":"https:\/\/kirasurrogacy.com\/es\/#website"},"datePublished":"2023-02-25T19:01:05+00:00","dateModified":"2023-08-08T16:29:31+00:00","breadcrumb":{"@id":"https:\/\/kirasurrogacy.com\/es\/contacte-con-nosotros\/#breadcrumb"},"inLanguage":"es","potentialAction":[{"@type":"ReadAction","target":["https:\/\/kirasurrogacy.com\/es\/contacte-con-nosotros\/"]}]},{"@type":"BreadcrumbList","@id":"https:\/\/kirasurrogacy.com\/es\/contacte-con-nosotros\/#breadcrumb","itemListElement":[{"@type":"ListItem","position":1,"name":"Home","item":"https:\/\/kirasurrogacy.com\/es\/inicio\/"},{"@type":"ListItem","position":2,"name":"Cont\u00e1ctanos"}]},{"@type":"WebSite","@id":"https:\/\/kirasurrogacy.com\/es\/#website","url":"https:\/\/kirasurrogacy.com\/es\/","name":"Kira Surrogacy","description":"Guaranteed Surrogacy in Mexico","publisher":{"@id":"https:\/\/kirasurrogacy.com\/es\/#organization"},"potentialAction":[{"@type":"SearchAction","target":{"@type":"EntryPoint","urlTemplate":"https:\/\/kirasurrogacy.com\/es\/?s={search_term_string}"},"query-input":{"@type":"PropertyValueSpecification","valueRequired":true,"valueName":"search_term_string"}}],"inLanguage":"es"},{"@type":"Organization","@id":"https:\/\/kirasurrogacy.com\/es\/#organization","name":"Kira Surrogacy","url":"https:\/\/kirasurrogacy.com\/es\/","logo":{"@type":"ImageObject","inLanguage":"es","@id":"https:\/\/kirasurrogacy.com\/es\/#\/schema\/logo\/image\/","url":"https:\/\/kirasurrogacy.com\/wp-content\/uploads\/2023\/05\/kira-surrogacy-logo.png","contentUrl":"https:\/\/kirasurrogacy.com\/wp-content\/uploads\/2023\/05\/kira-surrogacy-logo.png","width":5104,"height":758,"caption":"Kira Surrogacy"},"image":{"@id":"https:\/\/kirasurrogacy.com\/es\/#\/schema\/logo\/image\/"}}]}},"_links":{"self":[{"href":"https:\/\/kirasurrogacy.com\/es\/wp-json\/wp\/v2\/pages\/299","targetHints":{"allow":["GET"]}}],"collection":[{"href":"https:\/\/kirasurrogacy.com\/es\/wp-json\/wp\/v2\/pages"}],"about":[{"href":"https:\/\/kirasurrogacy.com\/es\/wp-json\/wp\/v2\/types\/page"}],"author":[{"embeddable":true,"href":"https:\/\/kirasurrogacy.com\/es\/wp-json\/wp\/v2\/users\/1"}],"replies":[{"embeddable":true,"href":"https:\/\/kirasurrogacy.com\/es\/wp-json\/wp\/v2\/comments?post=299"}],"version-history":[{"count":0,"href":"https:\/\/kirasurrogacy.com\/es\/wp-json\/wp\/v2\/pages\/299\/revisions"}],"wp:attachment":[{"href":"https:\/\/kirasurrogacy.com\/es\/wp-json\/wp\/v2\/media?parent=299"}],"curies":[{"name":"wp","href":"https:\/\/api.w.org\/{rel}","templated":true}]}}