{"id":302,"date":"2023-02-25T13:01:04","date_gmt":"2023-02-25T19:01:04","guid":{"rendered":"https:\/\/kirasurrogacy.com\/quienes-somos\/"},"modified":"2023-08-08T16:50:07","modified_gmt":"2023-08-08T22:50:07","slug":"quienes-somos","status":"publish","type":"page","link":"https:\/\/kirasurrogacy.com\/es\/quienes-somos\/","title":{"rendered":"Nosotros"},"content":{"rendered":"<div class=\"row\"  id=\"row-721864160\">\n\n\t<div id=\"col-2125114169\" class=\"col medium-8 small-12 large-8\"  >\n\t\t\t\t<div class=\"col-inner\"  >\n\t\t\t\n\t\t\t\n\t<div class=\"box has-hover  show-for-small has-hover box-text-bottom\" >\n\n\t\t<div class=\"box-image\" >\n\t\t\t\t\t\t<div class=\"\" >\n\t\t\t\t<img loading=\"lazy\" decoding=\"async\" width=\"750\" height=\"820\" src=\"https:\/\/kirasurrogacy.com\/wp-content\/uploads\/2023\/05\/dr-miguel-plascencia-scaled-e1685547089159.jpg\" class=\"attachment- size-\" alt=\"Dr. Miguel Plascencia\" srcset=\"https:\/\/kirasurrogacy.com\/wp-content\/uploads\/2023\/05\/dr-miguel-plascencia-scaled-e1685547089159.jpg 750w, https:\/\/kirasurrogacy.com\/wp-content\/uploads\/2023\/05\/dr-miguel-plascencia-scaled-e1685547089159-274x300.jpg 274w\" sizes=\"auto, (max-width: 750px) 100vw, 750px\" \/>\t\t\t\t\t\t\t\t\t\t\t<\/div>\n\t\t\t\t\t<\/div>\n\n\t\t<div class=\"box-text text-center\" >\n\t\t\t<div class=\"box-text-inner\">\n\t\t\t\t\n<h4>Dr. Miguel Plascencia<\/h4>\n<p>Nuestro m\u00e9dico jefe<\/p>\n\t\t\t<\/div>\n\t\t<\/div>\n\t<\/div>\n\t\n\n<h2>Qui\u00e9nes somos<\/h2>\n<p>Entendemos que el viaje hacia la paternidad a trav\u00e9s de la gestaci\u00f3n subrogada puede ser un proceso complicado y emocionalmente intenso. Reconocemos que decidir iniciar un programa de gestaci\u00f3n subrogada implica una reflexi\u00f3n y planificaci\u00f3n minuciosa, y estamos aqu\u00ed para asistirte en cada etapa. Nuestro amable equipo se dedica a brindarte el m\u00e1ximo nivel de apoyo y gu\u00eda, asegurando que tengas acceso a toda la informaci\u00f3n y recursos necesarios para tomar decisiones informadas sobre tu traves\u00eda para formar una familia. Kira Surrogacy es una agencia completa que valora la diversidad y equidad en todos sus aspectos. Apreciamos la inclusi\u00f3n, igualdad de g\u00e9nero, respeto hacia todas las orientaciones sexuales y aceptaci\u00f3n cultural. Nuestro principal objetivo es facilitar el personalizado viaje hacia la paternidad de cada cliente, proporcionando un respaldo inigualable en la industria.<\/p>\n<p>Nuestro equipo profesional cuenta con a\u00f1os de experiencia en acuerdos de gestaci\u00f3n subrogada, ofreciendo consejo especializado durante todo el proceso. Nos comprometemos a impartir educaci\u00f3n completa, guiar detalladamente a nuestros clientes y proveerles de los recursos m\u00e1s efectivos disponibles, posibilitando as\u00ed la concreci\u00f3n de los sue\u00f1os parentales de nuestros futuros padres.<\/p>\n<p>Kira Surrogacy tiene el honor de ser el colaborador exclusivo y facilitador designado de gestaci\u00f3n subrogada para Ginefert Salud Ginecol\u00f3gica y Reproductiva, una prestigiosa instituci\u00f3n de fertilidad ubicada en Guadalajara, Jalisco, M\u00e9xico. En la \u00faltima d\u00e9cada, Ginefert ha logrado un impresionante \u00e9xito en el dise\u00f1o e implementaci\u00f3n de soluciones avanzadas de fertilidad, asistiendo a cientos de personas en su viaje a la paternidad. Esta s\u00f3lida alianza ha forjado un historial ejemplar, reflejo de nuestro firme compromiso para promover el precioso regalo de la vida.<\/p>\n<h3>Nuestro m\u00e9dico jefe<\/h3>\n<p>Ninguno de nuestros logros ser\u00eda posible sin la direcci\u00f3n del Dr. Miguel Plascencia. El Dr. Miguel se titul\u00f3 en la Universidad de Guadalajara en 2009, obteniendo el grado de Cirujano y Obstetra con distinci\u00f3n en 2011.<\/p>\n<p>Posteriormente, llev\u00f3 a cabo su residencia en Ginecolog\u00eda y Obstetricia en la Universidad de Guadalajara de 2014 a 2018 en el Hospital General de Occidente, donde se gradu\u00f3 con Honores y fungi\u00f3 como jefe de residentes durante su capacitaci\u00f3n.<\/p>\n<p>Asimismo, ha trabajado como M\u00e9dico Perito Oficial y ha sido Docente en varios diplomados del Instituto Jalisciense de Ciencias Forenses, as\u00ed como de la Universidad del Valle de Atemajac (UNIVA).<\/p>\n<p>Posee el t\u00edtulo de Ginec\u00f3logo y Obstetra por la Universidad de Guadalajara y est\u00e1 certificado por el Consejo Mexicano de Ginecolog\u00eda y Obstetricia, el cual es actualmente vigente. Adem\u00e1s, tiene una Subespecialidad en Biolog\u00eda de la Reproducci\u00f3n Humana obtenida en el Instituto Mexicano de Infertilidad en el Hospital Puerta de Hierro Andares, y est\u00e1 acreditado por la Universidad de Guadalajara con un Certificado del Consejo Mexicano de Ginecolog\u00eda y Obstetricia en dicha subespecialidad.<\/p>\n\n\t<div class=\"box has-hover  show-for-small has-hover box-text-bottom\" >\n\n\t\t<div class=\"box-image\" >\n\t\t\t\t\t\t<div class=\"\" >\n\t\t\t\t<img loading=\"lazy\" decoding=\"async\" width=\"1179\" height=\"1020\" src=\"https:\/\/kirasurrogacy.com\/wp-content\/uploads\/2023\/05\/hospital-real-san-jose.jpg\" class=\"attachment- size-\" alt=\"Hospital San Jose\" srcset=\"https:\/\/kirasurrogacy.com\/wp-content\/uploads\/2023\/05\/hospital-real-san-jose.jpg 1179w, https:\/\/kirasurrogacy.com\/wp-content\/uploads\/2023\/05\/hospital-real-san-jose-300x260.jpg 300w, https:\/\/kirasurrogacy.com\/wp-content\/uploads\/2023\/05\/hospital-real-san-jose-1024x886.jpg 1024w, https:\/\/kirasurrogacy.com\/wp-content\/uploads\/2023\/05\/hospital-real-san-jose-768x664.jpg 768w\" sizes=\"auto, (max-width: 1179px) 100vw, 1179px\" \/>\t\t\t\t\t\t\t\t\t\t\t<\/div>\n\t\t\t\t\t<\/div>\n\n\t\t<div class=\"box-text text-center\" >\n\t\t\t<div class=\"box-text-inner\">\n\t\t\t\t\n<h4>Hospital Real San Jos\u00e9 &#8211; Valle Real<\/h4>\n<p>Guadalajara, M\u00e9xico<\/p>\n\t\t\t<\/div>\n\t\t<\/div>\n\t<\/div>\n\t\n\n<h3>Nuestro hospital<\/h3>\n<p>El Hospital Real San Jos\u00e9 es un centro m\u00e9dico privado ubicado en Guadalajara, M\u00e9xico. Fundado en 2003, se ha establecido como uno de los hospitales m\u00e1s renombrados y respetados en la regi\u00f3n. Es reconocido por sus instalaciones modernas, avanzada tecnolog\u00eda m\u00e9dica y un equipo m\u00e9dico de alta capacitaci\u00f3n.<\/p>\n<p>El Hospital Real San Jos\u00e9 se enorgullece de brindar atenci\u00f3n m\u00e9dica de alta calidad centrada en el paciente. Se compromete a proporcionar planes de tratamiento personalizados que se adecuen a las necesidades espec\u00edficas de cada paciente. Adem\u00e1s, pone un \u00e9nfasis especial en la seguridad del paciente, estableciendo rigurosos protocolos para asegurar que todos reciban la mejor atenci\u00f3n posible.<br \/>\n\n\t\t<\/div>\n\t\t\t\t\t<\/div>\n\n\t\n\n\t<div id=\"col-1090059071\" class=\"col medium-4 small-12 large-4\"  >\n\t\t\t\t<div class=\"col-inner\"  >\n\t\t\t\n\t\t\t\n\t<div class=\"box has-hover  hide-for-small has-hover box-text-bottom\" >\n\n\t\t<div class=\"box-image\" >\n\t\t\t\t\t\t<div class=\"\" >\n\t\t\t\t<img loading=\"lazy\" decoding=\"async\" width=\"750\" height=\"820\" src=\"https:\/\/kirasurrogacy.com\/wp-content\/uploads\/2023\/05\/dr-miguel-plascencia-scaled-e1685547089159.jpg\" class=\"attachment- size-\" alt=\"Dr. Miguel Plascencia\" srcset=\"https:\/\/kirasurrogacy.com\/wp-content\/uploads\/2023\/05\/dr-miguel-plascencia-scaled-e1685547089159.jpg 750w, https:\/\/kirasurrogacy.com\/wp-content\/uploads\/2023\/05\/dr-miguel-plascencia-scaled-e1685547089159-274x300.jpg 274w\" sizes=\"auto, (max-width: 750px) 100vw, 750px\" \/>\t\t\t\t\t\t\t\t\t\t\t<\/div>\n\t\t\t\t\t<\/div>\n\n\t\t<div class=\"box-text text-center\" >\n\t\t\t<div class=\"box-text-inner\">\n\t\t\t\t\n<h4>Dr. Miguel Plascencia<\/h4>\n<p>M\u00e9dico jefe, ginec\u00f3logo y obstetra<\/p>\n\t\t\t<\/div>\n\t\t<\/div>\n\t<\/div>\n\t\n\t<div class=\"box has-hover  hide-for-small has-hover box-text-bottom\" >\n\n\t\t<div class=\"box-image\" >\n\t\t\t\t\t\t<div class=\"\" >\n\t\t\t\t<img loading=\"lazy\" decoding=\"async\" width=\"1179\" height=\"1020\" src=\"https:\/\/kirasurrogacy.com\/wp-content\/uploads\/2023\/05\/hospital-real-san-jose.jpg\" class=\"attachment- size-\" alt=\"Hospital San Jose\" srcset=\"https:\/\/kirasurrogacy.com\/wp-content\/uploads\/2023\/05\/hospital-real-san-jose.jpg 1179w, https:\/\/kirasurrogacy.com\/wp-content\/uploads\/2023\/05\/hospital-real-san-jose-300x260.jpg 300w, https:\/\/kirasurrogacy.com\/wp-content\/uploads\/2023\/05\/hospital-real-san-jose-1024x886.jpg 1024w, https:\/\/kirasurrogacy.com\/wp-content\/uploads\/2023\/05\/hospital-real-san-jose-768x664.jpg 768w\" sizes=\"auto, (max-width: 1179px) 100vw, 1179px\" \/>\t\t\t\t\t\t\t\t\t\t\t<\/div>\n\t\t\t\t\t<\/div>\n\n\t\t<div class=\"box-text text-center\" >\n\t\t\t<div class=\"box-text-inner\">\n\t\t\t\t\n<h4>Hospital Real San Jos\u00e9 &#8211; Valle Real<\/h4>\n<p>Guadalajara, M\u00e9xico<\/p>\n\t\t\t<\/div>\n\t\t<\/div>\n\t<\/div>\n\t\n\t\t<\/div>\n\t\t\t\t\t<\/div>\n\n\t\n<\/div>\n","protected":false},"excerpt":{"rendered":"","protected":false},"author":1,"featured_media":0,"parent":0,"menu_order":0,"comment_status":"closed","ping_status":"closed","template":"","meta":{"footnotes":"","_links_to":"","_links_to_target":""},"class_list":["post-302","page","type-page","status-publish","hentry"],"yoast_head":"<!-- This site is optimized with the Yoast SEO Premium plugin v23.0 (Yoast SEO v27.4) - https:\/\/yoast.com\/product\/yoast-seo-premium-wordpress\/ -->\n<title>Nosotros - Kira Surrogacy<\/title>\n<meta name=\"description\" content=\"Bajo la direcci\u00f3n del Dr. Miguel Plascencia, m\u00e9dico jefe, Kira Surrogacy ofrece una orientaci\u00f3n compasiva, integradora y experta en gestaci\u00f3n subrogada.\" \/>\n<meta name=\"robots\" content=\"index, follow, max-snippet:-1, max-image-preview:large, max-video-preview:-1\" \/>\n<link rel=\"canonical\" href=\"https:\/\/kirasurrogacy.com\/es\/quienes-somos\/\" \/>\n<meta property=\"og:locale\" content=\"es_ES\" \/>\n<meta property=\"og:type\" content=\"article\" \/>\n<meta property=\"og:title\" content=\"Nosotros\" \/>\n<meta property=\"og:description\" content=\"Bajo la direcci\u00f3n del Dr. Miguel Plascencia, m\u00e9dico jefe, Kira Surrogacy ofrece una orientaci\u00f3n compasiva, integradora y experta en gestaci\u00f3n subrogada.\" \/>\n<meta property=\"og:url\" content=\"https:\/\/kirasurrogacy.com\/es\/quienes-somos\/\" \/>\n<meta property=\"og:site_name\" content=\"Kira Surrogacy\" \/>\n<meta property=\"article:modified_time\" content=\"2023-08-08T22:50:07+00:00\" \/>\n<meta name=\"twitter:card\" content=\"summary_large_image\" \/>\n<meta name=\"twitter:label1\" content=\"Tiempo de lectura\" \/>\n\t<meta name=\"twitter:data1\" content=\"3 minutos\" \/>\n<script type=\"application\/ld+json\" class=\"yoast-schema-graph\">{\"@context\":\"https:\\\/\\\/schema.org\",\"@graph\":[{\"@type\":\"WebPage\",\"@id\":\"https:\\\/\\\/kirasurrogacy.com\\\/es\\\/quienes-somos\\\/\",\"url\":\"https:\\\/\\\/kirasurrogacy.com\\\/es\\\/quienes-somos\\\/\",\"name\":\"Nosotros - Kira Surrogacy\",\"isPartOf\":{\"@id\":\"https:\\\/\\\/kirasurrogacy.com\\\/es\\\/#website\"},\"datePublished\":\"2023-02-25T19:01:04+00:00\",\"dateModified\":\"2023-08-08T22:50:07+00:00\",\"description\":\"Bajo la direcci\u00f3n del Dr. Miguel Plascencia, m\u00e9dico jefe, Kira Surrogacy ofrece una orientaci\u00f3n compasiva, integradora y experta en gestaci\u00f3n subrogada.\",\"breadcrumb\":{\"@id\":\"https:\\\/\\\/kirasurrogacy.com\\\/es\\\/quienes-somos\\\/#breadcrumb\"},\"inLanguage\":\"es\",\"potentialAction\":[{\"@type\":\"ReadAction\",\"target\":[\"https:\\\/\\\/kirasurrogacy.com\\\/es\\\/quienes-somos\\\/\"]}]},{\"@type\":\"BreadcrumbList\",\"@id\":\"https:\\\/\\\/kirasurrogacy.com\\\/es\\\/quienes-somos\\\/#breadcrumb\",\"itemListElement\":[{\"@type\":\"ListItem\",\"position\":1,\"name\":\"Home\",\"item\":\"https:\\\/\\\/kirasurrogacy.com\\\/es\\\/inicio\\\/\"},{\"@type\":\"ListItem\",\"position\":2,\"name\":\"Nosotros\"}]},{\"@type\":\"WebSite\",\"@id\":\"https:\\\/\\\/kirasurrogacy.com\\\/es\\\/#website\",\"url\":\"https:\\\/\\\/kirasurrogacy.com\\\/es\\\/\",\"name\":\"Kira Surrogacy\",\"description\":\"Guaranteed Surrogacy in Mexico\",\"publisher\":{\"@id\":\"https:\\\/\\\/kirasurrogacy.com\\\/es\\\/#organization\"},\"potentialAction\":[{\"@type\":\"SearchAction\",\"target\":{\"@type\":\"EntryPoint\",\"urlTemplate\":\"https:\\\/\\\/kirasurrogacy.com\\\/es\\\/?s={search_term_string}\"},\"query-input\":{\"@type\":\"PropertyValueSpecification\",\"valueRequired\":true,\"valueName\":\"search_term_string\"}}],\"inLanguage\":\"es\"},{\"@type\":\"Organization\",\"@id\":\"https:\\\/\\\/kirasurrogacy.com\\\/es\\\/#organization\",\"name\":\"Kira Surrogacy\",\"url\":\"https:\\\/\\\/kirasurrogacy.com\\\/es\\\/\",\"logo\":{\"@type\":\"ImageObject\",\"inLanguage\":\"es\",\"@id\":\"https:\\\/\\\/kirasurrogacy.com\\\/es\\\/#\\\/schema\\\/logo\\\/image\\\/\",\"url\":\"https:\\\/\\\/kirasurrogacy.com\\\/wp-content\\\/uploads\\\/2023\\\/05\\\/kira-surrogacy-logo.png\",\"contentUrl\":\"https:\\\/\\\/kirasurrogacy.com\\\/wp-content\\\/uploads\\\/2023\\\/05\\\/kira-surrogacy-logo.png\",\"width\":5104,\"height\":758,\"caption\":\"Kira Surrogacy\"},\"image\":{\"@id\":\"https:\\\/\\\/kirasurrogacy.com\\\/es\\\/#\\\/schema\\\/logo\\\/image\\\/\"}}]}<\/script>\n<!-- \/ Yoast SEO Premium plugin. -->","yoast_head_json":{"title":"Nosotros - Kira Surrogacy","description":"Bajo la direcci\u00f3n del Dr. Miguel Plascencia, m\u00e9dico jefe, Kira Surrogacy ofrece una orientaci\u00f3n compasiva, integradora y experta en gestaci\u00f3n subrogada.","robots":{"index":"index","follow":"follow","max-snippet":"max-snippet:-1","max-image-preview":"max-image-preview:large","max-video-preview":"max-video-preview:-1"},"canonical":"https:\/\/kirasurrogacy.com\/es\/quienes-somos\/","og_locale":"es_ES","og_type":"article","og_title":"Nosotros","og_description":"Bajo la direcci\u00f3n del Dr. Miguel Plascencia, m\u00e9dico jefe, Kira Surrogacy ofrece una orientaci\u00f3n compasiva, integradora y experta en gestaci\u00f3n subrogada.","og_url":"https:\/\/kirasurrogacy.com\/es\/quienes-somos\/","og_site_name":"Kira Surrogacy","article_modified_time":"2023-08-08T22:50:07+00:00","twitter_card":"summary_large_image","twitter_misc":{"Tiempo de lectura":"3 minutos"},"schema":{"@context":"https:\/\/schema.org","@graph":[{"@type":"WebPage","@id":"https:\/\/kirasurrogacy.com\/es\/quienes-somos\/","url":"https:\/\/kirasurrogacy.com\/es\/quienes-somos\/","name":"Nosotros - Kira Surrogacy","isPartOf":{"@id":"https:\/\/kirasurrogacy.com\/es\/#website"},"datePublished":"2023-02-25T19:01:04+00:00","dateModified":"2023-08-08T22:50:07+00:00","description":"Bajo la direcci\u00f3n del Dr. Miguel Plascencia, m\u00e9dico jefe, Kira Surrogacy ofrece una orientaci\u00f3n compasiva, integradora y experta en gestaci\u00f3n subrogada.","breadcrumb":{"@id":"https:\/\/kirasurrogacy.com\/es\/quienes-somos\/#breadcrumb"},"inLanguage":"es","potentialAction":[{"@type":"ReadAction","target":["https:\/\/kirasurrogacy.com\/es\/quienes-somos\/"]}]},{"@type":"BreadcrumbList","@id":"https:\/\/kirasurrogacy.com\/es\/quienes-somos\/#breadcrumb","itemListElement":[{"@type":"ListItem","position":1,"name":"Home","item":"https:\/\/kirasurrogacy.com\/es\/inicio\/"},{"@type":"ListItem","position":2,"name":"Nosotros"}]},{"@type":"WebSite","@id":"https:\/\/kirasurrogacy.com\/es\/#website","url":"https:\/\/kirasurrogacy.com\/es\/","name":"Kira Surrogacy","description":"Guaranteed Surrogacy in Mexico","publisher":{"@id":"https:\/\/kirasurrogacy.com\/es\/#organization"},"potentialAction":[{"@type":"SearchAction","target":{"@type":"EntryPoint","urlTemplate":"https:\/\/kirasurrogacy.com\/es\/?s={search_term_string}"},"query-input":{"@type":"PropertyValueSpecification","valueRequired":true,"valueName":"search_term_string"}}],"inLanguage":"es"},{"@type":"Organization","@id":"https:\/\/kirasurrogacy.com\/es\/#organization","name":"Kira Surrogacy","url":"https:\/\/kirasurrogacy.com\/es\/","logo":{"@type":"ImageObject","inLanguage":"es","@id":"https:\/\/kirasurrogacy.com\/es\/#\/schema\/logo\/image\/","url":"https:\/\/kirasurrogacy.com\/wp-content\/uploads\/2023\/05\/kira-surrogacy-logo.png","contentUrl":"https:\/\/kirasurrogacy.com\/wp-content\/uploads\/2023\/05\/kira-surrogacy-logo.png","width":5104,"height":758,"caption":"Kira Surrogacy"},"image":{"@id":"https:\/\/kirasurrogacy.com\/es\/#\/schema\/logo\/image\/"}}]}},"_links":{"self":[{"href":"https:\/\/kirasurrogacy.com\/es\/wp-json\/wp\/v2\/pages\/302","targetHints":{"allow":["GET"]}}],"collection":[{"href":"https:\/\/kirasurrogacy.com\/es\/wp-json\/wp\/v2\/pages"}],"about":[{"href":"https:\/\/kirasurrogacy.com\/es\/wp-json\/wp\/v2\/types\/page"}],"author":[{"embeddable":true,"href":"https:\/\/kirasurrogacy.com\/es\/wp-json\/wp\/v2\/users\/1"}],"replies":[{"embeddable":true,"href":"https:\/\/kirasurrogacy.com\/es\/wp-json\/wp\/v2\/comments?post=302"}],"version-history":[{"count":0,"href":"https:\/\/kirasurrogacy.com\/es\/wp-json\/wp\/v2\/pages\/302\/revisions"}],"wp:attachment":[{"href":"https:\/\/kirasurrogacy.com\/es\/wp-json\/wp\/v2\/media?parent=302"}],"curies":[{"name":"wp","href":"https:\/\/api.w.org\/{rel}","templated":true}]}}