{"id":304,"date":"2023-05-15T08:22:32","date_gmt":"2023-05-15T14:22:32","guid":{"rendered":"https:\/\/kirasurrogacy.com\/como-funciona\/"},"modified":"2023-08-09T11:04:36","modified_gmt":"2023-08-09T17:04:36","slug":"como-funciona","status":"publish","type":"page","link":"https:\/\/kirasurrogacy.com\/es\/como-funciona\/","title":{"rendered":"Proceso"},"content":{"rendered":"<div class=\"row\"  id=\"row-437129780\">\n\n\t<div id=\"col-1540760864\" class=\"col medium-8 small-12 large-8\"  >\n\t\t\t\t<div class=\"col-inner\"  >\n\t\t\t\n\t\t\t\n<div style=\"padding: 56.25% 0 0 0; position: relative;\"><iframe style=\"position: absolute; top: 0; left: 0; width: 100%; height: 100%;\" src=\"https:\/\/player.vimeo.com\/video\/835839226?h=2b2727aa5a&amp;color=1b64ef&amp;title=0&amp;byline=0&amp;portrait=0\" frameborder=\"0\" allowfullscreen=\"allowfullscreen\"><\/iframe><\/div>\n<p><script src=\"https:\/\/player.vimeo.com\/api\/player.js\"><\/script><\/p>\n<h2>Proceso<\/h2>\n<p>Navegar en el \u00e1mbito de la gestaci\u00f3n subrogada internacional puede ser, sin duda, un reto debido a su complejidad. Reconocemos la singularidad de cada caso y nos esforzamos por dise\u00f1ar un programa que se ajuste exactamente a sus necesidades espec\u00edficas. A continuaci\u00f3n, una breve descripci\u00f3n de los pasos necesarios.<\/p>\n<h4>1) Cont\u00e1ctenos<\/h4>\n<p>Ll\u00e1menos al +1 (855) 544-8229 o m\u00e1ndenos un correo a support@kirasurrogacy.com. Si tiene alguna inquietud m\u00e9dica en particular, nuestro personal estar\u00e1 encantado de agendarle una consulta con uno de nuestros m\u00e9dicos.<\/p>\n<p>Tambi\u00e9n puedes agendar una cita con nosotros en el horario que m\u00e1s te convenga. Solo haz clic en el bot\u00f3n que est\u00e1 abajo.<\/p>\n<a href=\"https:\/\/calendly.com\/kirasurrogacy\/30min\" target=\"_blank\" class=\"button primary is-shade box-shadow-3 box-shadow-5-hover\" rel=\"noopener\" style=\"border-radius:5px;padding:0px 10px 0px 10px;\">\n\t\t<span>Concertar una consulta gratuita<\/span>\n\t<\/a>\n\n<p>&nbsp;<\/p>\n<h4 style=\"padding-top: 15px;\">2) Descargue la aplicaci\u00f3n Kira Surrogacy Client App<\/h4>\n<p>La aplicaci\u00f3n ofrece herramientas \u00fatiles como una calculadora de costos, un planificador de viajes y un resumen del programa, as\u00ed como facturas, informes y citas. Solo tiene que ir a <a href=\"https:\/\/kiraclient.com\/sign-up\" target=\"_blank\" rel=\"noopener\">kiraclient.com\/sign-up<\/a> para registrarse.<\/p>\n<h4>3) Pruebas m\u00e9dicas iniciales<\/h4>\n<p>Existen diversas pruebas m\u00e9dicas que deber\u00e1 realizar antes de obtener la aprobaci\u00f3n m\u00e9dica de nuestro equipo. Cada caso es \u00fanico, as\u00ed que le indicaremos las pruebas necesarias para su situaci\u00f3n despu\u00e9s de la consulta inicial.<\/p>\n<h4>4) Planee su viaje<\/h4>\n<p>En la <a href=\"https:\/\/kiraclient.com\" target=\"_blank\" rel=\"noopener\">aplicaci\u00f3n Kira Surrogacy Client App<\/a>, encontrar\u00e1 nuestras recomendaciones de hospedaje para su visita. Sin embargo, entendemos que la elecci\u00f3n final es suya. Por favor, informe sobre el alojamiento seleccionado, as\u00ed podremos brindarle apoyo espec\u00edfico durante su estancia. Su comodidad y conveniencia son esenciales para nosotros.<\/p>\n<h4>5) Visita a la cl\u00ednica<\/h4>\n<p>Coordinaremos una fecha y hora espec\u00edfica para su visita. Dependiendo de sus necesidades, iniciaremos el proceso de estimulaci\u00f3n para la extracci\u00f3n de \u00f3vulos o preservaci\u00f3n de esperma. Durante su visita, podr\u00e1 conocer nuestras instalaciones y recibir una consulta m\u00e9dica. Si se requieren m\u00e1s visitas, le informaremos para garantizar un proceso sin contratiempos.<\/p>\n<h4>6) FIV (Fecundaci\u00f3n In Vitro)<\/h4>\n<p>Una vez recolectado su material gen\u00e9tico, el siguiente paso es la creaci\u00f3n de embriones mediante fecundaci\u00f3n in vitro. Si se requiere una donante de \u00f3vulos, planificaremos la extracci\u00f3n seg\u00fan su pr\u00f3ximo ciclo menstrual. Si usa sus propios \u00f3vulos, el calendario se basar\u00e1 en su ciclo. Despu\u00e9s de la extracci\u00f3n, los \u00f3vulos se fecundar\u00e1n y se cultivar\u00e1n hasta alcanzar la etapa de blastocisto. Una vez listos, le proporcionaremos un informe embrionario a trav\u00e9s de la <a href=\"https:\/\/kiraclient.com\" target=\"_blank\" rel=\"noopener\">Kira Surrogacy Client App<\/a>.<\/p>\n<h4>7) Selecci\u00f3n de la madre subrogada<\/h4>\n<p>Una vez creados los embriones, se le asignar\u00e1 una madre subrogada previamente evaluada y aprobada m\u00e9dicamente. Es importante mencionar que todas las candidatas a madre subrogada han pasado por un proceso de selecci\u00f3n riguroso, que incluye evaluaciones psicol\u00f3gicas, ex\u00e1menes m\u00e9dicos y verificaci\u00f3n de antecedentes. Estas acciones aseguran que la madre subrogada est\u00e9 en \u00f3ptimas condiciones de salud f\u00edsica, emocional y mental, y est\u00e9 lista para asumir las responsabilidades del embarazo subrogado. Tras seleccionar a la madre subrogada, se elaborar\u00e1n acuerdos legales para proteger los derechos y deberes de todas las partes.<\/p>\n<h4>8) Transferencia de embriones<\/h4>\n<p>El embri\u00f3n seleccionado se descongela cuidadosamente y se transfiere al \u00fatero de la madre subrogada. Tras la transferencia, a la madre subrogada se le aconseja reposo y se monitorea el progreso de la implantaci\u00f3n.<\/p>\n<h4>9) Tests de embarazo<\/h4>\n<p>Despu\u00e9s de la transferencia, se llevar\u00e1n a cabo pruebas de embarazo. La primera es un an\u00e1lisis de sangre para verificar los niveles de HCG. Si es positivo, la siguiente prueba busca detectar el saco gestacional. Si se identifica, se realiza una ecograf\u00eda unas 5 o 6 semanas despu\u00e9s para verificar el latido. Si se confirma, continuaremos con el seguimiento del embarazo. Si alguna prueba resulta negativa, se puede programar otra transferencia o, si es necesario, se extraer\u00e1n m\u00e1s \u00f3vulos.<\/p>\n<h4>10) Embarazo, parto y tr\u00e1mites de salida<\/h4>\n<p>Durante el embarazo, la madre subrogada asistir\u00e1 regularmente a consultas con nuestro equipo. Despu\u00e9s de cada cita, le enviaremos un resumen de la evoluci\u00f3n del embarazo, incluyendo im\u00e1genes ecogr\u00e1ficas. A medida que se aproxime la fecha de parto, le informaremos de la fecha prevista, lo que le permitir\u00e1 planificar su regreso. Si es ciudadano estadounidense, considere que necesitar\u00e1 estar en M\u00e9xico aproximadamente cuatro semanas para tramitar el pasaporte de su beb\u00e9. Para ciudadanos de otros pa\u00edses, la duraci\u00f3n puede variar seg\u00fan los requisitos de su naci\u00f3n.<\/p>\n<h4>M\u00e1s informaci\u00f3n<\/h4>\n<p>Este es un resumen breve de los pasos habituales en un proceso t\u00edpico de gestaci\u00f3n subrogada; no obstante, cada situaci\u00f3n es \u00fanica. En la <a href=\"https:\/\/kiraclient.com\" target=\"_blank\" rel=\"noopener\">Kira Surrogacy Client App<\/a>, ofrecemos una descripci\u00f3n detallada del programa que explica cada uno de estos pasos en profundidad. Adem\u00e1s, se proporciona informaci\u00f3n sobre los pagos y sus correspondientes fechas de vencimiento. Puede descargar la <a href=\"https:\/\/kiraclient.com\" target=\"_blank\" rel=\"noopener\">Kira Surrogacy Client App<\/a> visitando <a href=\"https:\/\/kiraclient.com\" target=\"_blank\" rel=\"noopener\">kiraclient.com<\/a>.<\/p>\n\t\t<\/div>\n\t\t\t\t\t<\/div>\n\n\t\n\n\t<div id=\"col-1496182207\" class=\"col medium-4 small-12 large-4\"  >\n\t\t\t\t<div class=\"col-inner\"  >\n\t\t\t\n\t\t\t\n<ul class=\"sidebar-wrapper ul-reset\"><aside id=\"recent-posts-2\" class=\"widget widget_recent_entries\">\n\t\t<span class=\"widget-title \"><span>Recent Articles From Our Blog<\/span><\/span><div class=\"is-divider small\"><\/div>\n\t\t<ul>\n\t\t\t\t\t\t\t\t\t\t\t<li>\n\t\t\t\t\t<a href=\"https:\/\/kirasurrogacy.com\/es\/2024\/05\/16\/cuanto-tiempo-se-tarda-en-emparejarse-con-una-madre-de-alquiler\/\">\u00bfCu\u00e1nto tiempo se tarda en emparejarse con una madre de alquiler?<\/a>\n\t\t\t\t\t\t\t\t\t<\/li>\n\t\t\t\t\t\t\t\t\t\t\t<li>\n\t\t\t\t\t<a href=\"https:\/\/kirasurrogacy.com\/es\/2024\/02\/22\/los-gastos-de-gestacion-subrogada-son-deducibles-de-impuestos-para-los-ciudadanos-estadounidenses\/\">\u00bfLos gastos de gestaci\u00f3n subrogada son deducibles de impuestos para los ciudadanos estadounidenses?<\/a>\n\t\t\t\t\t\t\t\t\t<\/li>\n\t\t\t\t\t\t\t\t\t\t\t<li>\n\t\t\t\t\t<a href=\"https:\/\/kirasurrogacy.com\/es\/2024\/01\/16\/como-identificar-las-senales-de-alarma-al-elegir-una-agencia-de-gestacion-subrogada-internacional\/\">C\u00f3mo identificar las se\u00f1ales de alarma al elegir una agencia de gestaci\u00f3n subrogada internacional<\/a>\n\t\t\t\t\t\t\t\t\t<\/li>\n\t\t\t\t\t\t\t\t\t\t\t<li>\n\t\t\t\t\t<a href=\"https:\/\/kirasurrogacy.com\/es\/2023\/12\/15\/como-reducir-los-costes-de-la-maternidad-subrogada\/\">C\u00f3mo reducir los costes de la maternidad subrogada<\/a>\n\t\t\t\t\t\t\t\t\t<\/li>\n\t\t\t\t\t\t\t\t\t\t\t<li>\n\t\t\t\t\t<a href=\"https:\/\/kirasurrogacy.com\/es\/2023\/11\/02\/la-clasificacion-de-embriones-y-su-viaje-de-gestacion-subrogada\/\">La clasificaci\u00f3n de embriones y su viaje de gestaci\u00f3n subrogada<\/a>\n\t\t\t\t\t\t\t\t\t<\/li>\n\t\t\t\t\t\t\t\t\t\t\t<li>\n\t\t\t\t\t<a href=\"https:\/\/kirasurrogacy.com\/es\/2023\/10\/15\/donantes-de-ovulos-en-mexico\/\">Donantes de \u00f3vulos en M\u00e9xico<\/a>\n\t\t\t\t\t\t\t\t\t<\/li>\n\t\t\t\t\t\t\t\t\t\t\t<li>\n\t\t\t\t\t<a href=\"https:\/\/kirasurrogacy.com\/es\/2023\/09\/15\/como-mejorar-la-calidad-de-su-esperma\/\">C\u00f3mo mejorar la calidad de su esperma<\/a>\n\t\t\t\t\t\t\t\t\t<\/li>\n\t\t\t\t\t\t\t\t\t\t\t<li>\n\t\t\t\t\t<a href=\"https:\/\/kirasurrogacy.com\/es\/2023\/08\/23\/gametogenesis-in-vitro-ivg-el-futuro-de-la-reproduccion-y-el-laberinto-etico-que-se-avecina\/\">Gametog\u00e9nesis in vitro (IVG): El futuro de la reproducci\u00f3n y el laberinto \u00e9tico que se avecina<\/a>\n\t\t\t\t\t\t\t\t\t<\/li>\n\t\t\t\t\t\t\t\t\t\t\t<li>\n\t\t\t\t\t<a href=\"https:\/\/kirasurrogacy.com\/es\/2023\/08\/07\/es-legal-la-gestacion-subrogada-en-mexico\/\">\u00bfEs legal la gestaci\u00f3n subrogada en M\u00e9xico?<\/a>\n\t\t\t\t\t\t\t\t\t<\/li>\n\t\t\t\t\t\t\t\t\t\t\t<li>\n\t\t\t\t\t<a href=\"https:\/\/kirasurrogacy.com\/es\/2023\/07\/22\/costes-de-la-gestacion-subrogada-en-mexico\/\">Costes de la gestaci\u00f3n subrogada en M\u00e9xico<\/a>\n\t\t\t\t\t\t\t\t\t<\/li>\n\t\t\t\t\t<\/ul>\n\n\t\t<\/aside><\/ul>\n\t\t<\/div>\n\t\t\t\t\t<\/div>\n\n\t\n<\/div>\n","protected":false},"excerpt":{"rendered":"","protected":false},"author":1,"featured_media":0,"parent":0,"menu_order":0,"comment_status":"closed","ping_status":"closed","template":"","meta":{"footnotes":"","_links_to":"","_links_to_target":""},"class_list":["post-304","page","type-page","status-publish","hentry"],"yoast_head":"<!-- This site is optimized with the Yoast SEO Premium plugin v23.0 (Yoast SEO v27.4) - https:\/\/yoast.com\/product\/yoast-seo-premium-wordpress\/ -->\n<title>Proceso - Kira Surrogacy<\/title>\n<meta name=\"robots\" content=\"index, follow, max-snippet:-1, max-image-preview:large, max-video-preview:-1\" \/>\n<link rel=\"canonical\" href=\"https:\/\/kirasurrogacy.com\/es\/como-funciona\/\" \/>\n<meta property=\"og:locale\" content=\"es_ES\" \/>\n<meta property=\"og:type\" content=\"article\" \/>\n<meta property=\"og:title\" content=\"Proceso\" \/>\n<meta property=\"og:url\" content=\"https:\/\/kirasurrogacy.com\/es\/como-funciona\/\" \/>\n<meta property=\"og:site_name\" content=\"Kira Surrogacy\" \/>\n<meta property=\"article:modified_time\" content=\"2023-08-09T17:04:36+00:00\" \/>\n<meta name=\"twitter:card\" content=\"summary_large_image\" \/>\n<meta name=\"twitter:label1\" content=\"Tiempo de lectura\" \/>\n\t<meta name=\"twitter:data1\" content=\"4 minutos\" \/>\n<script type=\"application\/ld+json\" class=\"yoast-schema-graph\">{\"@context\":\"https:\\\/\\\/schema.org\",\"@graph\":[{\"@type\":\"WebPage\",\"@id\":\"https:\\\/\\\/kirasurrogacy.com\\\/es\\\/como-funciona\\\/\",\"url\":\"https:\\\/\\\/kirasurrogacy.com\\\/es\\\/como-funciona\\\/\",\"name\":\"Proceso - Kira Surrogacy\",\"isPartOf\":{\"@id\":\"https:\\\/\\\/kirasurrogacy.com\\\/es\\\/#website\"},\"datePublished\":\"2023-05-15T14:22:32+00:00\",\"dateModified\":\"2023-08-09T17:04:36+00:00\",\"breadcrumb\":{\"@id\":\"https:\\\/\\\/kirasurrogacy.com\\\/es\\\/como-funciona\\\/#breadcrumb\"},\"inLanguage\":\"es\",\"potentialAction\":[{\"@type\":\"ReadAction\",\"target\":[\"https:\\\/\\\/kirasurrogacy.com\\\/es\\\/como-funciona\\\/\"]}]},{\"@type\":\"BreadcrumbList\",\"@id\":\"https:\\\/\\\/kirasurrogacy.com\\\/es\\\/como-funciona\\\/#breadcrumb\",\"itemListElement\":[{\"@type\":\"ListItem\",\"position\":1,\"name\":\"Home\",\"item\":\"https:\\\/\\\/kirasurrogacy.com\\\/es\\\/inicio\\\/\"},{\"@type\":\"ListItem\",\"position\":2,\"name\":\"Proceso\"}]},{\"@type\":\"WebSite\",\"@id\":\"https:\\\/\\\/kirasurrogacy.com\\\/es\\\/#website\",\"url\":\"https:\\\/\\\/kirasurrogacy.com\\\/es\\\/\",\"name\":\"Kira Surrogacy\",\"description\":\"Guaranteed Surrogacy in Mexico\",\"publisher\":{\"@id\":\"https:\\\/\\\/kirasurrogacy.com\\\/es\\\/#organization\"},\"potentialAction\":[{\"@type\":\"SearchAction\",\"target\":{\"@type\":\"EntryPoint\",\"urlTemplate\":\"https:\\\/\\\/kirasurrogacy.com\\\/es\\\/?s={search_term_string}\"},\"query-input\":{\"@type\":\"PropertyValueSpecification\",\"valueRequired\":true,\"valueName\":\"search_term_string\"}}],\"inLanguage\":\"es\"},{\"@type\":\"Organization\",\"@id\":\"https:\\\/\\\/kirasurrogacy.com\\\/es\\\/#organization\",\"name\":\"Kira Surrogacy\",\"url\":\"https:\\\/\\\/kirasurrogacy.com\\\/es\\\/\",\"logo\":{\"@type\":\"ImageObject\",\"inLanguage\":\"es\",\"@id\":\"https:\\\/\\\/kirasurrogacy.com\\\/es\\\/#\\\/schema\\\/logo\\\/image\\\/\",\"url\":\"https:\\\/\\\/kirasurrogacy.com\\\/wp-content\\\/uploads\\\/2023\\\/05\\\/kira-surrogacy-logo.png\",\"contentUrl\":\"https:\\\/\\\/kirasurrogacy.com\\\/wp-content\\\/uploads\\\/2023\\\/05\\\/kira-surrogacy-logo.png\",\"width\":5104,\"height\":758,\"caption\":\"Kira Surrogacy\"},\"image\":{\"@id\":\"https:\\\/\\\/kirasurrogacy.com\\\/es\\\/#\\\/schema\\\/logo\\\/image\\\/\"}}]}<\/script>\n<!-- \/ Yoast SEO Premium plugin. -->","yoast_head_json":{"title":"Proceso - Kira Surrogacy","robots":{"index":"index","follow":"follow","max-snippet":"max-snippet:-1","max-image-preview":"max-image-preview:large","max-video-preview":"max-video-preview:-1"},"canonical":"https:\/\/kirasurrogacy.com\/es\/como-funciona\/","og_locale":"es_ES","og_type":"article","og_title":"Proceso","og_url":"https:\/\/kirasurrogacy.com\/es\/como-funciona\/","og_site_name":"Kira Surrogacy","article_modified_time":"2023-08-09T17:04:36+00:00","twitter_card":"summary_large_image","twitter_misc":{"Tiempo de lectura":"4 minutos"},"schema":{"@context":"https:\/\/schema.org","@graph":[{"@type":"WebPage","@id":"https:\/\/kirasurrogacy.com\/es\/como-funciona\/","url":"https:\/\/kirasurrogacy.com\/es\/como-funciona\/","name":"Proceso - Kira Surrogacy","isPartOf":{"@id":"https:\/\/kirasurrogacy.com\/es\/#website"},"datePublished":"2023-05-15T14:22:32+00:00","dateModified":"2023-08-09T17:04:36+00:00","breadcrumb":{"@id":"https:\/\/kirasurrogacy.com\/es\/como-funciona\/#breadcrumb"},"inLanguage":"es","potentialAction":[{"@type":"ReadAction","target":["https:\/\/kirasurrogacy.com\/es\/como-funciona\/"]}]},{"@type":"BreadcrumbList","@id":"https:\/\/kirasurrogacy.com\/es\/como-funciona\/#breadcrumb","itemListElement":[{"@type":"ListItem","position":1,"name":"Home","item":"https:\/\/kirasurrogacy.com\/es\/inicio\/"},{"@type":"ListItem","position":2,"name":"Proceso"}]},{"@type":"WebSite","@id":"https:\/\/kirasurrogacy.com\/es\/#website","url":"https:\/\/kirasurrogacy.com\/es\/","name":"Kira Surrogacy","description":"Guaranteed Surrogacy in Mexico","publisher":{"@id":"https:\/\/kirasurrogacy.com\/es\/#organization"},"potentialAction":[{"@type":"SearchAction","target":{"@type":"EntryPoint","urlTemplate":"https:\/\/kirasurrogacy.com\/es\/?s={search_term_string}"},"query-input":{"@type":"PropertyValueSpecification","valueRequired":true,"valueName":"search_term_string"}}],"inLanguage":"es"},{"@type":"Organization","@id":"https:\/\/kirasurrogacy.com\/es\/#organization","name":"Kira Surrogacy","url":"https:\/\/kirasurrogacy.com\/es\/","logo":{"@type":"ImageObject","inLanguage":"es","@id":"https:\/\/kirasurrogacy.com\/es\/#\/schema\/logo\/image\/","url":"https:\/\/kirasurrogacy.com\/wp-content\/uploads\/2023\/05\/kira-surrogacy-logo.png","contentUrl":"https:\/\/kirasurrogacy.com\/wp-content\/uploads\/2023\/05\/kira-surrogacy-logo.png","width":5104,"height":758,"caption":"Kira Surrogacy"},"image":{"@id":"https:\/\/kirasurrogacy.com\/es\/#\/schema\/logo\/image\/"}}]}},"_links":{"self":[{"href":"https:\/\/kirasurrogacy.com\/es\/wp-json\/wp\/v2\/pages\/304","targetHints":{"allow":["GET"]}}],"collection":[{"href":"https:\/\/kirasurrogacy.com\/es\/wp-json\/wp\/v2\/pages"}],"about":[{"href":"https:\/\/kirasurrogacy.com\/es\/wp-json\/wp\/v2\/types\/page"}],"author":[{"embeddable":true,"href":"https:\/\/kirasurrogacy.com\/es\/wp-json\/wp\/v2\/users\/1"}],"replies":[{"embeddable":true,"href":"https:\/\/kirasurrogacy.com\/es\/wp-json\/wp\/v2\/comments?post=304"}],"version-history":[{"count":0,"href":"https:\/\/kirasurrogacy.com\/es\/wp-json\/wp\/v2\/pages\/304\/revisions"}],"wp:attachment":[{"href":"https:\/\/kirasurrogacy.com\/es\/wp-json\/wp\/v2\/media?parent=304"}],"curies":[{"name":"wp","href":"https:\/\/api.w.org\/{rel}","templated":true}]}}