{"id":305,"date":"2023-07-22T11:11:31","date_gmt":"2023-07-22T17:11:31","guid":{"rendered":"https:\/\/kirasurrogacy.com\/costes-del-programa\/"},"modified":"2023-08-08T17:04:04","modified_gmt":"2023-08-08T23:04:04","slug":"costes-del-programa","status":"publish","type":"page","link":"https:\/\/kirasurrogacy.com\/es\/costes-del-programa\/","title":{"rendered":"Costes del programa"},"content":{"rendered":"<div class=\"row\"  id=\"row-1029874187\">\n\n\t<div id=\"col-786384366\" class=\"col medium-8 small-12 large-8\"  >\n\t\t\t\t<div class=\"col-inner\"  >\n\t\t\t\n\t\t\t\n\t<div class=\"img has-hover x md-x lg-x y md-y lg-y\" id=\"image_305489036\">\n\t\t\t\t\t\t\t\t<div class=\"img-inner dark\" >\n\t\t\t<img loading=\"lazy\" decoding=\"async\" width=\"1020\" height=\"574\" src=\"https:\/\/kirasurrogacy.com\/wp-content\/uploads\/2023\/07\/program-costs-1024x576.png\" class=\"attachment-large size-large\" alt=\"\" srcset=\"https:\/\/kirasurrogacy.com\/wp-content\/uploads\/2023\/07\/program-costs-1024x576.png 1024w, https:\/\/kirasurrogacy.com\/wp-content\/uploads\/2023\/07\/program-costs-300x169.png 300w, https:\/\/kirasurrogacy.com\/wp-content\/uploads\/2023\/07\/program-costs-768x432.png 768w, https:\/\/kirasurrogacy.com\/wp-content\/uploads\/2023\/07\/program-costs-1536x864.png 1536w, https:\/\/kirasurrogacy.com\/wp-content\/uploads\/2023\/07\/program-costs-2048x1152.png 2048w\" sizes=\"auto, (max-width: 1020px) 100vw, 1020px\" \/>\t\t\t\t\t\t\n\t\t\t\t\t<\/div>\n\t\t\t\t\t\t\t\t\n<style>\n#image_305489036 {\n  width: 100%;\n}\n<\/style>\n\t<\/div>\n\t\n<h2>Precios transparentes para su viaje hacia la paternidad<\/h2>\n<p>En Kira Surrogacy, estamos comprometidos a proporcionar un entendimiento transparente y completo sobre los aspectos financieros de su traves\u00eda de subrogaci\u00f3n. A continuaci\u00f3n, desglosamos los costos asociados con cada uno de nuestros programas espec\u00edficos de gestaci\u00f3n subrogada. Nuestro objetivo es ayudarle a tomar las decisiones m\u00e1s informadas, considerando sus circunstancias personales, su presupuesto y sus metas generales de gestaci\u00f3n subrogada. Cada futura madre elegir\u00e1 entre tres tipos de programa: Programa de gestaci\u00f3n subrogada con donante de \u00f3vulos, Programa de gestaci\u00f3n subrogada con embriones enviados o Programa de gestaci\u00f3n subrogada con \u00f3vulos de la madre intencionada. Cada programa incluye cuatro fases de pago, y a continuaci\u00f3n encontrar\u00e1 el desglose de costos de cada una de ellas. Todos los costos se presentan en d\u00f3lares estadounidenses, a menos que se indique MXN para pesos mexicanos.<\/p>\n<h3 class=\"accordion_title\">Tipos de programas<\/h3><div class=\"accordion\">\n\t<div id=\"accordion-1808132257\" class=\"accordion-item\">\n\t\t<a id=\"accordion-1808132257-label\" class=\"accordion-title plain\" href=\"#accordion-item-programa-de-gestaci\u00f3n-subrogada-con-donante-de-\u00f3vulos\" aria-expanded=\"false\" aria-controls=\"accordion-1808132257-content\">\n\t\t\t<button class=\"toggle\" aria-label=\"Toggle\"><i class=\"icon-angle-down\" aria-hidden=\"true\"><\/i><\/button>\n\t\t\t<span>Programa de gestaci\u00f3n subrogada con donante de \u00f3vulos<\/span>\n\t\t<\/a>\n\t\t<div id=\"accordion-1808132257-content\" class=\"accordion-inner\" aria-labelledby=\"accordion-1808132257-label\">\n\t\t\t\n<h3>Primera fase &#8211; Al firmar el contrato<\/h3>\n<p>Remuneraci\u00f3n estimada para la donante de \u00f3vulos: 6.500 $.<br \/>Costos de recuperaci\u00f3n de \u00f3vulos: $8,000<br \/>Costos de fertilizaci\u00f3n: $3,000<br \/>Costos de congelaci\u00f3n\/almacenamiento de esperma: $500<\/p>\n<p>Estimaci\u00f3n de los costos totales de la primera fase: $18,000<\/p>\n<p>Costos opcionales:<br \/>Prueba PGT-A: 850 $ por embri\u00f3n<br \/>Lavado de esperma para futuros padres con VIH+ o Hepatitis B+: $6,500<\/p>\n<h3>Segunda fase: despu\u00e9s de la creaci\u00f3n de los embriones<\/h3>\n<p>Costos de transferencia de embriones: $5,900<br \/>Pago reembolsable del Fondo de Emergencia M\u00e9dica: 5.000 $.<br \/>Seguro de subrogaci\u00f3n: 5.000 $.<\/p>\n<p>Total de la segunda fase: 15.900<\/p>\n<h3>Tercera fase: cuando se detecta el latido del coraz\u00f3n del feto<\/h3>\n<p>Compensaci\u00f3n por Subrogaci\u00f3n en la Tercera Etapa (Pagada Mensualmente Directamente a la Subrogante): $180,000 MXN ($20,000 MXN por mes de embarazo)<br \/>Costo de los cuidados durante el embarazo: 5.500<\/p>\n<p>Total Etapa Tres: $180,000 MXN + $5,500 USD<\/p>\n<h3>Cuarta fase &#8211; En la semana 24 del embarazo<\/h3>\n<p>Compensaci\u00f3n por subrogaci\u00f3n en la cuarta fase: 14.000 $.<br \/>Subsidio de entrega: 8.000 d\u00f3lares<\/p>\n<p>Total de la cuarta fase: 22.000<\/p>\n<p><strong>Posibles costos adicionales:<\/strong><br \/><strong>Gemelos:<\/strong> En caso de un embarazo gemelar, se a\u00f1aden 7.000 d\u00f3lares como compensaci\u00f3n extra a la madre subrogante, adem\u00e1s de las consultas m\u00e9dicas adicionales requeridas para embarazos gemelares. Cuando se transfiere un solo embri\u00f3n, los gemelos ocurren aproximadamente en el 1,4% de los casos.<br \/><strong>Transferencia adicional de embriones:<\/strong> 5.900 $, presupuesto para dos transferencias adicionales en caso de que las necesite.<br \/><strong>Complicaciones del embarazo:<\/strong> Son poco comunes pero suceden, los costos var\u00edan seg\u00fan la complicaci\u00f3n y est\u00e1n incluidos en la secci\u00f3n 14 de su contrato.<\/p>\n\t\t<\/div>\n\t<\/div>\n\t\n\t<div id=\"accordion-4103157708\" class=\"accordion-item\">\n\t\t<a id=\"accordion-4103157708-label\" class=\"accordion-title plain\" href=\"#accordion-item-programa-de-gestaci\u00f3n-subrogada-con-embriones-enviados\" aria-expanded=\"false\" aria-controls=\"accordion-4103157708-content\">\n\t\t\t<button class=\"toggle\" aria-label=\"Toggle\"><i class=\"icon-angle-down\" aria-hidden=\"true\"><\/i><\/button>\n\t\t\t<span>Programa de gestaci\u00f3n subrogada con embriones enviados<\/span>\n\t\t<\/a>\n\t\t<div id=\"accordion-4103157708-content\" class=\"accordion-inner\" aria-labelledby=\"accordion-4103157708-label\">\n\t\t\t\n<h3>Primera fase &#8211; Al firmar el contrato<\/h3>\n<p>Costos estimados de env\u00edo: $7,000<\/p>\n<h3>Segunda fase &#8211; Una vez que los embriones llegan a la cl\u00ednica<\/h3>\n<p>Costos de transferencia de embriones: $5,900<br \/>Pago reembolsable del Fondo de Emergencia M\u00e9dica: 5.000 $.<br \/>Seguro de subrogaci\u00f3n: 5.000 $.<\/p>\n<p>Total de la segunda fase: 15.900<\/p>\n<h3>Tercera fase: cuando se detecta el latido del coraz\u00f3n del feto<\/h3>\n<p>Compensaci\u00f3n por Subrogaci\u00f3n en la Tercera Etapa (Pagada Mensualmente Directamente a la Subrogante): $180,000 MXN ($20,000 MXN por mes de embarazo)<br \/>Costo de los cuidados durante el embarazo: 5.500<\/p>\n<p>Total Etapa Tres: $180,000 MXN + $5,500 USD<\/p>\n<h3>Cuarta fase &#8211; En la semana 24 del embarazo<\/h3>\n<p>Compensaci\u00f3n por subrogaci\u00f3n en la cuarta fase: 14.000 $.<br \/>Subsidio de entrega: 8.000 d\u00f3lares<\/p>\n<p>Total de la cuarta fase: 22.000<\/p>\n<p><strong>Posibles costos adicionales:<\/strong><br \/><strong>Gemelos:<\/strong> En caso de un embarazo gemelar, se a\u00f1aden 7.000 d\u00f3lares como compensaci\u00f3n extra a la madre subrogante, adem\u00e1s de las consultas m\u00e9dicas adicionales requeridas para embarazos gemelares. Cuando se transfiere un solo embri\u00f3n, los gemelos ocurren aproximadamente en el 1,4% de los casos.<br \/><strong>Transferencia adicional de embriones:<\/strong> 5.900 $, presupuesto para dos transferencias adicionales en caso de que las necesite.<br \/><strong>Complicaciones del embarazo:<\/strong> Son poco comunes pero suceden, los costos var\u00edan seg\u00fan la complicaci\u00f3n y est\u00e1n incluidos en la secci\u00f3n 14 de su contrato.<\/p>\n\t\t<\/div>\n\t<\/div>\n\t\n\t<div id=\"accordion-2115774910\" class=\"accordion-item\">\n\t\t<a id=\"accordion-2115774910-label\" class=\"accordion-title plain\" href=\"#accordion-item-programa-de-gestaci\u00f3n-subrogada-con-\u00f3vulos-de-la-futura-madre\" aria-expanded=\"false\" aria-controls=\"accordion-2115774910-content\">\n\t\t\t<button class=\"toggle\" aria-label=\"Toggle\"><i class=\"icon-angle-down\" aria-hidden=\"true\"><\/i><\/button>\n\t\t\t<span>Programa de gestaci\u00f3n subrogada con \u00f3vulos de la futura madre<\/span>\n\t\t<\/a>\n\t\t<div id=\"accordion-2115774910-content\" class=\"accordion-inner\" aria-labelledby=\"accordion-2115774910-label\">\n\t\t\t\n<h3>Primera fase &#8211; Al firmar el contrato<\/h3>\n<p>Costos de recuperaci\u00f3n de \u00f3vulos: $8,000<br \/>Costos de fertilizaci\u00f3n: $3,000<br \/>Costos de congelaci\u00f3n\/almacenamiento de esperma: $500<\/p>\n<p>Estimaci\u00f3n de los costos totales de la primera fase: $11,500<\/p>\n<h3>Segunda fase &#8211; Despu\u00e9s de la creaci\u00f3n de los embriones<\/h3>\n<p>Costos de transferencia de embriones: $5,900<br \/>Pago reembolsable del Fondo de Emergencia M\u00e9dica: $5,000<br \/>Seguro de subrogaci\u00f3n: $5,000<\/p>\n<p>Total de la segunda fase: $15,900<\/p>\n<h3>Tercera fase &#8211; Cuando se detecta el latido del coraz\u00f3n del feto<\/h3>\n<p>Compensaci\u00f3n por Subrogaci\u00f3n en la Tercera Etapa (Pagada Mensualmente Directamente a la Subrogante): $180,000 MXN ($20,000 MXN por mes de embarazo)<br \/>Costo de los cuidados durante el embarazo: $5,500<\/p>\n<p>Total de la tercera fase: $180,000 MXN + $5,500 USD<\/p>\n<h3>Cuarta fase &#8211; En la semana 24 del embarazo<\/h3>\n<p>Compensaci\u00f3n por subrogaci\u00f3n en la cuarta fase: $14,000<br \/>Subsidio de entrega: $8,000<\/p>\n<p>Total de la cuarta fase: $22,000<\/p>\n<p><strong>Posibles costos adicionales:<\/strong><br \/><strong>Gemelos:<\/strong> En caso de un embarazo gemelar, se a\u00f1aden $7,000 como compensaci\u00f3n extra a la madre subrogante, adem\u00e1s de las consultas m\u00e9dicas adicionales requeridas para embarazos gemelares. Cuando se transfiere un solo embri\u00f3n, los gemelos ocurren aproximadamente en el 1.4% de los casos.<br \/><strong>Transferencia adicional de embriones:<\/strong> $5,900, presupuesto para dos transferencias adicionales en caso de que las necesite.<br \/><strong>Complicaciones del embarazo:<\/strong> Son poco comunes pero suceden, los costos var\u00edan seg\u00fan la complicaci\u00f3n y est\u00e1n incluidos en la secci\u00f3n 14 de su contrato.<\/p>\n\t\t<\/div>\n\t<\/div>\n\t\n<\/div>\n<h2 style=\"padding-top: 20px;\">Asistencia personalizada<\/h2>\n<p>Sabemos que navegar por estos costos puede ser complicado. Para obtener asistencia personalizada, programe una consulta gratuita.<\/p>\n<a href=\"https:\/\/calendly.com\/kirasurrogacy\/30min\" target=\"_blank\" class=\"button primary is-shade box-shadow-3 box-shadow-5-hover\" rel=\"noopener\" style=\"border-radius:5px;\">\n\t\t<span>Concertar una consulta gratuita<\/span>\n\t<\/a>\n\n\t\t<\/div>\n\t\t\t\t\t<\/div>\n\n\t\n\n\t<div id=\"col-292491102\" class=\"col medium-4 small-12 large-4\"  >\n\t\t\t\t<div class=\"col-inner\"  >\n\t\t\t\n\t\t\t\n<ul class=\"sidebar-wrapper ul-reset\"><aside id=\"recent-posts-2\" class=\"widget widget_recent_entries\">\n\t\t<span class=\"widget-title \"><span>Recent Articles From Our Blog<\/span><\/span><div class=\"is-divider small\"><\/div>\n\t\t<ul>\n\t\t\t\t\t\t\t\t\t\t\t<li>\n\t\t\t\t\t<a href=\"https:\/\/kirasurrogacy.com\/es\/2024\/05\/16\/cuanto-tiempo-se-tarda-en-emparejarse-con-una-madre-de-alquiler\/\">\u00bfCu\u00e1nto tiempo se tarda en emparejarse con una madre de alquiler?<\/a>\n\t\t\t\t\t\t\t\t\t<\/li>\n\t\t\t\t\t\t\t\t\t\t\t<li>\n\t\t\t\t\t<a href=\"https:\/\/kirasurrogacy.com\/es\/2024\/02\/22\/los-gastos-de-gestacion-subrogada-son-deducibles-de-impuestos-para-los-ciudadanos-estadounidenses\/\">\u00bfLos gastos de gestaci\u00f3n subrogada son deducibles de impuestos para los ciudadanos estadounidenses?<\/a>\n\t\t\t\t\t\t\t\t\t<\/li>\n\t\t\t\t\t\t\t\t\t\t\t<li>\n\t\t\t\t\t<a href=\"https:\/\/kirasurrogacy.com\/es\/2024\/01\/16\/como-identificar-las-senales-de-alarma-al-elegir-una-agencia-de-gestacion-subrogada-internacional\/\">C\u00f3mo identificar las se\u00f1ales de alarma al elegir una agencia de gestaci\u00f3n subrogada internacional<\/a>\n\t\t\t\t\t\t\t\t\t<\/li>\n\t\t\t\t\t\t\t\t\t\t\t<li>\n\t\t\t\t\t<a href=\"https:\/\/kirasurrogacy.com\/es\/2023\/12\/15\/como-reducir-los-costes-de-la-maternidad-subrogada\/\">C\u00f3mo reducir los costes de la maternidad subrogada<\/a>\n\t\t\t\t\t\t\t\t\t<\/li>\n\t\t\t\t\t\t\t\t\t\t\t<li>\n\t\t\t\t\t<a href=\"https:\/\/kirasurrogacy.com\/es\/2023\/11\/02\/la-clasificacion-de-embriones-y-su-viaje-de-gestacion-subrogada\/\">La clasificaci\u00f3n de embriones y su viaje de gestaci\u00f3n subrogada<\/a>\n\t\t\t\t\t\t\t\t\t<\/li>\n\t\t\t\t\t\t\t\t\t\t\t<li>\n\t\t\t\t\t<a href=\"https:\/\/kirasurrogacy.com\/es\/2023\/10\/15\/donantes-de-ovulos-en-mexico\/\">Donantes de \u00f3vulos en M\u00e9xico<\/a>\n\t\t\t\t\t\t\t\t\t<\/li>\n\t\t\t\t\t\t\t\t\t\t\t<li>\n\t\t\t\t\t<a href=\"https:\/\/kirasurrogacy.com\/es\/2023\/09\/15\/como-mejorar-la-calidad-de-su-esperma\/\">C\u00f3mo mejorar la calidad de su esperma<\/a>\n\t\t\t\t\t\t\t\t\t<\/li>\n\t\t\t\t\t\t\t\t\t\t\t<li>\n\t\t\t\t\t<a href=\"https:\/\/kirasurrogacy.com\/es\/2023\/08\/23\/gametogenesis-in-vitro-ivg-el-futuro-de-la-reproduccion-y-el-laberinto-etico-que-se-avecina\/\">Gametog\u00e9nesis in vitro (IVG): El futuro de la reproducci\u00f3n y el laberinto \u00e9tico que se avecina<\/a>\n\t\t\t\t\t\t\t\t\t<\/li>\n\t\t\t\t\t\t\t\t\t\t\t<li>\n\t\t\t\t\t<a href=\"https:\/\/kirasurrogacy.com\/es\/2023\/08\/07\/es-legal-la-gestacion-subrogada-en-mexico\/\">\u00bfEs legal la gestaci\u00f3n subrogada en M\u00e9xico?<\/a>\n\t\t\t\t\t\t\t\t\t<\/li>\n\t\t\t\t\t\t\t\t\t\t\t<li>\n\t\t\t\t\t<a href=\"https:\/\/kirasurrogacy.com\/es\/2023\/07\/22\/costes-de-la-gestacion-subrogada-en-mexico\/\">Costes de la gestaci\u00f3n subrogada en M\u00e9xico<\/a>\n\t\t\t\t\t\t\t\t\t<\/li>\n\t\t\t\t\t<\/ul>\n\n\t\t<\/aside><\/ul>\n\t\t<\/div>\n\t\t\t\t\t<\/div>\n\n\t\n<\/div>\n","protected":false},"excerpt":{"rendered":"","protected":false},"author":1,"featured_media":0,"parent":0,"menu_order":0,"comment_status":"closed","ping_status":"closed","template":"","meta":{"footnotes":"","_links_to":"","_links_to_target":""},"class_list":["post-305","page","type-page","status-publish","hentry"],"yoast_head":"<!-- This site is optimized with the Yoast SEO Premium plugin v23.0 (Yoast SEO v27.3) - https:\/\/yoast.com\/product\/yoast-seo-premium-wordpress\/ -->\n<title>Costes del programa - Kira Surrogacy<\/title>\n<meta name=\"robots\" content=\"index, follow, max-snippet:-1, max-image-preview:large, max-video-preview:-1\" \/>\n<link rel=\"canonical\" href=\"https:\/\/kirasurrogacy.com\/es\/costes-del-programa\/\" \/>\n<meta property=\"og:locale\" content=\"es_ES\" \/>\n<meta property=\"og:type\" content=\"article\" \/>\n<meta property=\"og:title\" content=\"Costes del programa\" \/>\n<meta property=\"og:url\" content=\"https:\/\/kirasurrogacy.com\/es\/costes-del-programa\/\" \/>\n<meta property=\"og:site_name\" content=\"Kira Surrogacy\" \/>\n<meta property=\"article:modified_time\" content=\"2023-08-08T23:04:04+00:00\" \/>\n<meta name=\"twitter:card\" content=\"summary_large_image\" \/>\n<meta name=\"twitter:label1\" content=\"Tiempo de lectura\" \/>\n\t<meta name=\"twitter:data1\" content=\"5 minutos\" \/>\n<script type=\"application\/ld+json\" class=\"yoast-schema-graph\">{\"@context\":\"https:\\\/\\\/schema.org\",\"@graph\":[{\"@type\":\"WebPage\",\"@id\":\"https:\\\/\\\/kirasurrogacy.com\\\/es\\\/costes-del-programa\\\/\",\"url\":\"https:\\\/\\\/kirasurrogacy.com\\\/es\\\/costes-del-programa\\\/\",\"name\":\"Costes del programa - Kira Surrogacy\",\"isPartOf\":{\"@id\":\"https:\\\/\\\/kirasurrogacy.com\\\/es\\\/#website\"},\"datePublished\":\"2023-07-22T17:11:31+00:00\",\"dateModified\":\"2023-08-08T23:04:04+00:00\",\"breadcrumb\":{\"@id\":\"https:\\\/\\\/kirasurrogacy.com\\\/es\\\/costes-del-programa\\\/#breadcrumb\"},\"inLanguage\":\"es\",\"potentialAction\":[{\"@type\":\"ReadAction\",\"target\":[\"https:\\\/\\\/kirasurrogacy.com\\\/es\\\/costes-del-programa\\\/\"]}]},{\"@type\":\"BreadcrumbList\",\"@id\":\"https:\\\/\\\/kirasurrogacy.com\\\/es\\\/costes-del-programa\\\/#breadcrumb\",\"itemListElement\":[{\"@type\":\"ListItem\",\"position\":1,\"name\":\"Home\",\"item\":\"https:\\\/\\\/kirasurrogacy.com\\\/es\\\/inicio\\\/\"},{\"@type\":\"ListItem\",\"position\":2,\"name\":\"Costes del programa\"}]},{\"@type\":\"WebSite\",\"@id\":\"https:\\\/\\\/kirasurrogacy.com\\\/es\\\/#website\",\"url\":\"https:\\\/\\\/kirasurrogacy.com\\\/es\\\/\",\"name\":\"Kira Surrogacy\",\"description\":\"Guaranteed Surrogacy in Mexico\",\"publisher\":{\"@id\":\"https:\\\/\\\/kirasurrogacy.com\\\/es\\\/#organization\"},\"potentialAction\":[{\"@type\":\"SearchAction\",\"target\":{\"@type\":\"EntryPoint\",\"urlTemplate\":\"https:\\\/\\\/kirasurrogacy.com\\\/es\\\/?s={search_term_string}\"},\"query-input\":{\"@type\":\"PropertyValueSpecification\",\"valueRequired\":true,\"valueName\":\"search_term_string\"}}],\"inLanguage\":\"es\"},{\"@type\":\"Organization\",\"@id\":\"https:\\\/\\\/kirasurrogacy.com\\\/es\\\/#organization\",\"name\":\"Kira Surrogacy\",\"url\":\"https:\\\/\\\/kirasurrogacy.com\\\/es\\\/\",\"logo\":{\"@type\":\"ImageObject\",\"inLanguage\":\"es\",\"@id\":\"https:\\\/\\\/kirasurrogacy.com\\\/es\\\/#\\\/schema\\\/logo\\\/image\\\/\",\"url\":\"https:\\\/\\\/kirasurrogacy.com\\\/wp-content\\\/uploads\\\/2023\\\/05\\\/kira-surrogacy-logo.png\",\"contentUrl\":\"https:\\\/\\\/kirasurrogacy.com\\\/wp-content\\\/uploads\\\/2023\\\/05\\\/kira-surrogacy-logo.png\",\"width\":5104,\"height\":758,\"caption\":\"Kira Surrogacy\"},\"image\":{\"@id\":\"https:\\\/\\\/kirasurrogacy.com\\\/es\\\/#\\\/schema\\\/logo\\\/image\\\/\"}}]}<\/script>\n<!-- \/ Yoast SEO Premium plugin. -->","yoast_head_json":{"title":"Costes del programa - Kira Surrogacy","robots":{"index":"index","follow":"follow","max-snippet":"max-snippet:-1","max-image-preview":"max-image-preview:large","max-video-preview":"max-video-preview:-1"},"canonical":"https:\/\/kirasurrogacy.com\/es\/costes-del-programa\/","og_locale":"es_ES","og_type":"article","og_title":"Costes del programa","og_url":"https:\/\/kirasurrogacy.com\/es\/costes-del-programa\/","og_site_name":"Kira Surrogacy","article_modified_time":"2023-08-08T23:04:04+00:00","twitter_card":"summary_large_image","twitter_misc":{"Tiempo de lectura":"5 minutos"},"schema":{"@context":"https:\/\/schema.org","@graph":[{"@type":"WebPage","@id":"https:\/\/kirasurrogacy.com\/es\/costes-del-programa\/","url":"https:\/\/kirasurrogacy.com\/es\/costes-del-programa\/","name":"Costes del programa - Kira Surrogacy","isPartOf":{"@id":"https:\/\/kirasurrogacy.com\/es\/#website"},"datePublished":"2023-07-22T17:11:31+00:00","dateModified":"2023-08-08T23:04:04+00:00","breadcrumb":{"@id":"https:\/\/kirasurrogacy.com\/es\/costes-del-programa\/#breadcrumb"},"inLanguage":"es","potentialAction":[{"@type":"ReadAction","target":["https:\/\/kirasurrogacy.com\/es\/costes-del-programa\/"]}]},{"@type":"BreadcrumbList","@id":"https:\/\/kirasurrogacy.com\/es\/costes-del-programa\/#breadcrumb","itemListElement":[{"@type":"ListItem","position":1,"name":"Home","item":"https:\/\/kirasurrogacy.com\/es\/inicio\/"},{"@type":"ListItem","position":2,"name":"Costes del programa"}]},{"@type":"WebSite","@id":"https:\/\/kirasurrogacy.com\/es\/#website","url":"https:\/\/kirasurrogacy.com\/es\/","name":"Kira Surrogacy","description":"Guaranteed Surrogacy in Mexico","publisher":{"@id":"https:\/\/kirasurrogacy.com\/es\/#organization"},"potentialAction":[{"@type":"SearchAction","target":{"@type":"EntryPoint","urlTemplate":"https:\/\/kirasurrogacy.com\/es\/?s={search_term_string}"},"query-input":{"@type":"PropertyValueSpecification","valueRequired":true,"valueName":"search_term_string"}}],"inLanguage":"es"},{"@type":"Organization","@id":"https:\/\/kirasurrogacy.com\/es\/#organization","name":"Kira Surrogacy","url":"https:\/\/kirasurrogacy.com\/es\/","logo":{"@type":"ImageObject","inLanguage":"es","@id":"https:\/\/kirasurrogacy.com\/es\/#\/schema\/logo\/image\/","url":"https:\/\/kirasurrogacy.com\/wp-content\/uploads\/2023\/05\/kira-surrogacy-logo.png","contentUrl":"https:\/\/kirasurrogacy.com\/wp-content\/uploads\/2023\/05\/kira-surrogacy-logo.png","width":5104,"height":758,"caption":"Kira Surrogacy"},"image":{"@id":"https:\/\/kirasurrogacy.com\/es\/#\/schema\/logo\/image\/"}}]}},"_links":{"self":[{"href":"https:\/\/kirasurrogacy.com\/es\/wp-json\/wp\/v2\/pages\/305","targetHints":{"allow":["GET"]}}],"collection":[{"href":"https:\/\/kirasurrogacy.com\/es\/wp-json\/wp\/v2\/pages"}],"about":[{"href":"https:\/\/kirasurrogacy.com\/es\/wp-json\/wp\/v2\/types\/page"}],"author":[{"embeddable":true,"href":"https:\/\/kirasurrogacy.com\/es\/wp-json\/wp\/v2\/users\/1"}],"replies":[{"embeddable":true,"href":"https:\/\/kirasurrogacy.com\/es\/wp-json\/wp\/v2\/comments?post=305"}],"version-history":[{"count":0,"href":"https:\/\/kirasurrogacy.com\/es\/wp-json\/wp\/v2\/pages\/305\/revisions"}],"wp:attachment":[{"href":"https:\/\/kirasurrogacy.com\/es\/wp-json\/wp\/v2\/media?parent=305"}],"curies":[{"name":"wp","href":"https:\/\/api.w.org\/{rel}","templated":true}]}}