{"id":411,"date":"2023-09-13T11:36:26","date_gmt":"2023-09-13T17:36:26","guid":{"rendered":"https:\/\/kirasurrogacy.com\/resumen-del-programa-gracias\/"},"modified":"2025-11-29T10:39:38","modified_gmt":"2025-11-29T16:39:38","slug":"resumen-del-programa-gracias","status":"publish","type":"page","link":"https:\/\/kirasurrogacy.com\/es\/resumen-del-programa-gracias\/","title":{"rendered":"Resumen del programa &#8211; Gracias"},"content":{"rendered":"<div class=\"row\"  id=\"row-191122495\">\n\n\t<div id=\"col-73217810\" class=\"col medium-8 small-12 large-8\"  >\n\t\t\t\t<div class=\"col-inner text-center\"  >\n\t\t\t\n\t\t\t\n\t<div class=\"img has-hover x md-x lg-x y md-y lg-y\" id=\"image_2055905958\">\n\t\t\t\t\t\t\t\t<div class=\"img-inner dark\" >\n\t\t\t<img loading=\"lazy\" decoding=\"async\" width=\"1020\" height=\"376\" src=\"https:\/\/kirasurrogacy.com\/wp-content\/uploads\/2023\/08\/Programs-Costs-e1691850561470-1024x377-1.png\" class=\"attachment-large size-large\" alt=\"\" srcset=\"https:\/\/kirasurrogacy.com\/wp-content\/uploads\/2023\/08\/Programs-Costs-e1691850561470-1024x377-1.png 1024w, https:\/\/kirasurrogacy.com\/wp-content\/uploads\/2023\/08\/Programs-Costs-e1691850561470-1024x377-1-300x110.png 300w, https:\/\/kirasurrogacy.com\/wp-content\/uploads\/2023\/08\/Programs-Costs-e1691850561470-1024x377-1-768x283.png 768w\" sizes=\"auto, (max-width: 1020px) 100vw, 1020px\" \/>\t\t\t\t\t\t\n\t\t\t\t\t<\/div>\n\t\t\t\t\t\t\t\t\n<style>\n#image_2055905958 {\n  width: 100%;\n}\n<\/style>\n\t<\/div>\n\t\n<div class=\"container section-title-container\" ><h3 class=\"section-title section-title-center\"><b aria-hidden=\"true\"><\/b><span class=\"section-title-main\" >Gracias por solicitar nuestra descripci\u00f3n general del programa<\/span><b aria-hidden=\"true\"><\/b><\/h3><\/div>\n\t<div class=\"img has-hover x md-x lg-x y md-y lg-y\" id=\"image_1474103224\">\n\t\t<a class=\"\" href=\"https:\/\/kirasurrogacy.com\/wp-content\/uploads\/2025\/11\/Kira-Surrogacy-Program-Overview-2025-Dec.pdf\" target=\"_blank\" rel=\"noopener\" >\t\t\t\t\t\t<div class=\"img-inner dark\" >\n\t\t\t<img loading=\"lazy\" decoding=\"async\" width=\"300\" height=\"300\" src=\"https:\/\/kirasurrogacy.com\/wp-content\/uploads\/2024\/01\/program-overview-thumb-300x300.jpg\" class=\"attachment-medium size-medium\" alt=\"\" srcset=\"https:\/\/kirasurrogacy.com\/wp-content\/uploads\/2024\/01\/program-overview-thumb-300x300.jpg 300w, https:\/\/kirasurrogacy.com\/wp-content\/uploads\/2024\/01\/program-overview-thumb-150x150.jpg 150w, https:\/\/kirasurrogacy.com\/wp-content\/uploads\/2024\/01\/program-overview-thumb.jpg 500w\" sizes=\"auto, (max-width: 300px) 100vw, 300px\" \/>\t\t\t\t\t\t\n\t\t\t\t\t<\/div>\n\t\t\t\t\t\t<\/a>\t\t\n<style>\n#image_1474103224 {\n  width: 40%;\n}\n<\/style>\n\t<\/div>\n\t\n<a href=\"https:\/\/calendly.com\/kirasurrogacy\/30min\" class=\"button primary is-shade box-shadow-3 box-shadow-5-hover\" style=\"border-radius:5px;\">\n\t\t<span>Programar una llamada<\/span>\n\t<i class=\"icon-phone\" aria-hidden=\"true\"><\/i><\/a>\n\n<a href=\"https:\/\/kirasurrogacy.com\/wp-content\/uploads\/2025\/11\/Kira-Surrogacy-Program-Overview-2025-Dec.pdf\" target=\"_blank\" class=\"button primary is-shade box-shadow-3 box-shadow-5-hover\" rel=\"noopener\" style=\"border-radius:5px;\">\n\t\t<span>Descargar resumen del programa<\/span>\n\t<i class=\"icon-angle-down\" aria-hidden=\"true\"><\/i><\/a>\n\n\t<div id=\"text-2434535031\" class=\"text\">\n\t\t\n<p>Agradecemos sinceramente su inter\u00e9s en Kira Surrogacy y por solicitar nuestra Descripci\u00f3n del Programa. Nuestro equipo se ha asegurado de que toda la informaci\u00f3n que necesita est\u00e9 en camino. En los pr\u00f3ximos minutos, consulte su bandeja de entrada para recibir nuestra gu\u00eda detallada. Si, por alguna raz\u00f3n, no recibe el correo electr\u00f3nico, compruebe su carpeta de spam o correo no deseado, ya que a veces los correos electr\u00f3nicos pueden ir a parar all\u00ed. Si tiene alguna pregunta, no dude en ponerse en contacto con nosotros en <a href=\"mailto:support@kirasurrogacy.com\">support@kirasurrogacy.com.<\/a><\/p>\n\t\t\n<style>\n#text-2434535031 {\n  text-align: left;\n}\n<\/style>\n\t<\/div>\n\t\n\t\t<\/div>\n\t\t\t\t\t<\/div>\n\n\t\n\n\t<div id=\"col-430447767\" class=\"col medium-4 small-12 large-4\"  >\n\t\t\t\t<div class=\"col-inner\"  >\n\t\t\t\n\t\t\t\n<ul class=\"sidebar-wrapper ul-reset\"><aside id=\"recent-posts-2\" class=\"widget widget_recent_entries\">\n\t\t<span class=\"widget-title \"><span>Recent Articles From Our Blog<\/span><\/span><div class=\"is-divider small\"><\/div>\n\t\t<ul>\n\t\t\t\t\t\t\t\t\t\t\t<li>\n\t\t\t\t\t<a href=\"https:\/\/kirasurrogacy.com\/es\/2024\/05\/16\/cuanto-tiempo-se-tarda-en-emparejarse-con-una-madre-de-alquiler\/\">\u00bfCu\u00e1nto tiempo se tarda en emparejarse con una madre de alquiler?<\/a>\n\t\t\t\t\t\t\t\t\t<\/li>\n\t\t\t\t\t\t\t\t\t\t\t<li>\n\t\t\t\t\t<a href=\"https:\/\/kirasurrogacy.com\/es\/2024\/02\/22\/los-gastos-de-gestacion-subrogada-son-deducibles-de-impuestos-para-los-ciudadanos-estadounidenses\/\">\u00bfLos gastos de gestaci\u00f3n subrogada son deducibles de impuestos para los ciudadanos estadounidenses?<\/a>\n\t\t\t\t\t\t\t\t\t<\/li>\n\t\t\t\t\t\t\t\t\t\t\t<li>\n\t\t\t\t\t<a href=\"https:\/\/kirasurrogacy.com\/es\/2024\/01\/16\/como-identificar-las-senales-de-alarma-al-elegir-una-agencia-de-gestacion-subrogada-internacional\/\">C\u00f3mo identificar las se\u00f1ales de alarma al elegir una agencia de gestaci\u00f3n subrogada internacional<\/a>\n\t\t\t\t\t\t\t\t\t<\/li>\n\t\t\t\t\t\t\t\t\t\t\t<li>\n\t\t\t\t\t<a href=\"https:\/\/kirasurrogacy.com\/es\/2023\/12\/15\/como-reducir-los-costes-de-la-maternidad-subrogada\/\">C\u00f3mo reducir los costes de la maternidad subrogada<\/a>\n\t\t\t\t\t\t\t\t\t<\/li>\n\t\t\t\t\t\t\t\t\t\t\t<li>\n\t\t\t\t\t<a href=\"https:\/\/kirasurrogacy.com\/es\/2023\/11\/02\/la-clasificacion-de-embriones-y-su-viaje-de-gestacion-subrogada\/\">La clasificaci\u00f3n de embriones y su viaje de gestaci\u00f3n subrogada<\/a>\n\t\t\t\t\t\t\t\t\t<\/li>\n\t\t\t\t\t\t\t\t\t\t\t<li>\n\t\t\t\t\t<a href=\"https:\/\/kirasurrogacy.com\/es\/2023\/10\/15\/donantes-de-ovulos-en-mexico\/\">Donantes de \u00f3vulos en M\u00e9xico<\/a>\n\t\t\t\t\t\t\t\t\t<\/li>\n\t\t\t\t\t\t\t\t\t\t\t<li>\n\t\t\t\t\t<a href=\"https:\/\/kirasurrogacy.com\/es\/2023\/09\/15\/como-mejorar-la-calidad-de-su-esperma\/\">C\u00f3mo mejorar la calidad de su esperma<\/a>\n\t\t\t\t\t\t\t\t\t<\/li>\n\t\t\t\t\t\t\t\t\t\t\t<li>\n\t\t\t\t\t<a href=\"https:\/\/kirasurrogacy.com\/es\/2023\/08\/23\/gametogenesis-in-vitro-ivg-el-futuro-de-la-reproduccion-y-el-laberinto-etico-que-se-avecina\/\">Gametog\u00e9nesis in vitro (IVG): El futuro de la reproducci\u00f3n y el laberinto \u00e9tico que se avecina<\/a>\n\t\t\t\t\t\t\t\t\t<\/li>\n\t\t\t\t\t\t\t\t\t\t\t<li>\n\t\t\t\t\t<a href=\"https:\/\/kirasurrogacy.com\/es\/2023\/08\/07\/es-legal-la-gestacion-subrogada-en-mexico\/\">\u00bfEs legal la gestaci\u00f3n subrogada en M\u00e9xico?<\/a>\n\t\t\t\t\t\t\t\t\t<\/li>\n\t\t\t\t\t\t\t\t\t\t\t<li>\n\t\t\t\t\t<a href=\"https:\/\/kirasurrogacy.com\/es\/2023\/07\/22\/costes-de-la-gestacion-subrogada-en-mexico\/\">Costes de la gestaci\u00f3n subrogada en M\u00e9xico<\/a>\n\t\t\t\t\t\t\t\t\t<\/li>\n\t\t\t\t\t<\/ul>\n\n\t\t<\/aside><\/ul>\n\t\t<\/div>\n\t\t\t\t\t<\/div>\n\n\t\n<\/div>\n","protected":false},"excerpt":{"rendered":"","protected":false},"author":1,"featured_media":0,"parent":0,"menu_order":0,"comment_status":"closed","ping_status":"closed","template":"","meta":{"footnotes":"","_links_to":"","_links_to_target":""},"class_list":["post-411","page","type-page","status-publish","hentry"],"yoast_head":"<!-- This site is optimized with the Yoast SEO Premium plugin v23.0 (Yoast SEO v27.6) - https:\/\/yoast.com\/product\/yoast-seo-premium-wordpress\/ -->\n<title>Resumen del programa - Gracias - Kira Surrogacy<\/title>\n<meta name=\"robots\" content=\"index, follow, max-snippet:-1, max-image-preview:large, max-video-preview:-1\" \/>\n<link rel=\"canonical\" href=\"https:\/\/kirasurrogacy.com\/es\/resumen-del-programa-gracias\/\" \/>\n<meta property=\"og:locale\" content=\"es_ES\" \/>\n<meta property=\"og:type\" content=\"article\" \/>\n<meta property=\"og:title\" content=\"Resumen del programa - Gracias\" \/>\n<meta property=\"og:url\" content=\"https:\/\/kirasurrogacy.com\/es\/resumen-del-programa-gracias\/\" \/>\n<meta property=\"og:site_name\" content=\"Kira Surrogacy\" \/>\n<meta property=\"article:modified_time\" content=\"2025-11-29T16:39:38+00:00\" \/>\n<meta name=\"twitter:card\" content=\"summary_large_image\" \/>\n<meta name=\"twitter:label1\" content=\"Tiempo de lectura\" \/>\n\t<meta name=\"twitter:data1\" content=\"1 minuto\" \/>\n<script type=\"application\/ld+json\" class=\"yoast-schema-graph\">{\"@context\":\"https:\\\/\\\/schema.org\",\"@graph\":[{\"@type\":\"WebPage\",\"@id\":\"https:\\\/\\\/kirasurrogacy.com\\\/es\\\/resumen-del-programa-gracias\\\/\",\"url\":\"https:\\\/\\\/kirasurrogacy.com\\\/es\\\/resumen-del-programa-gracias\\\/\",\"name\":\"Resumen del programa - Gracias - Kira Surrogacy\",\"isPartOf\":{\"@id\":\"https:\\\/\\\/kirasurrogacy.com\\\/es\\\/#website\"},\"datePublished\":\"2023-09-13T17:36:26+00:00\",\"dateModified\":\"2025-11-29T16:39:38+00:00\",\"breadcrumb\":{\"@id\":\"https:\\\/\\\/kirasurrogacy.com\\\/es\\\/resumen-del-programa-gracias\\\/#breadcrumb\"},\"inLanguage\":\"es\",\"potentialAction\":[{\"@type\":\"ReadAction\",\"target\":[\"https:\\\/\\\/kirasurrogacy.com\\\/es\\\/resumen-del-programa-gracias\\\/\"]}]},{\"@type\":\"BreadcrumbList\",\"@id\":\"https:\\\/\\\/kirasurrogacy.com\\\/es\\\/resumen-del-programa-gracias\\\/#breadcrumb\",\"itemListElement\":[{\"@type\":\"ListItem\",\"position\":1,\"name\":\"Home\",\"item\":\"https:\\\/\\\/kirasurrogacy.com\\\/es\\\/inicio\\\/\"},{\"@type\":\"ListItem\",\"position\":2,\"name\":\"Resumen del programa &#8211; Gracias\"}]},{\"@type\":\"WebSite\",\"@id\":\"https:\\\/\\\/kirasurrogacy.com\\\/es\\\/#website\",\"url\":\"https:\\\/\\\/kirasurrogacy.com\\\/es\\\/\",\"name\":\"Kira Surrogacy\",\"description\":\"Guaranteed Surrogacy in Mexico\",\"publisher\":{\"@id\":\"https:\\\/\\\/kirasurrogacy.com\\\/es\\\/#organization\"},\"potentialAction\":[{\"@type\":\"SearchAction\",\"target\":{\"@type\":\"EntryPoint\",\"urlTemplate\":\"https:\\\/\\\/kirasurrogacy.com\\\/es\\\/?s={search_term_string}\"},\"query-input\":{\"@type\":\"PropertyValueSpecification\",\"valueRequired\":true,\"valueName\":\"search_term_string\"}}],\"inLanguage\":\"es\"},{\"@type\":\"Organization\",\"@id\":\"https:\\\/\\\/kirasurrogacy.com\\\/es\\\/#organization\",\"name\":\"Kira Surrogacy\",\"url\":\"https:\\\/\\\/kirasurrogacy.com\\\/es\\\/\",\"logo\":{\"@type\":\"ImageObject\",\"inLanguage\":\"es\",\"@id\":\"https:\\\/\\\/kirasurrogacy.com\\\/es\\\/#\\\/schema\\\/logo\\\/image\\\/\",\"url\":\"https:\\\/\\\/kirasurrogacy.com\\\/wp-content\\\/uploads\\\/2023\\\/05\\\/kira-surrogacy-logo.png\",\"contentUrl\":\"https:\\\/\\\/kirasurrogacy.com\\\/wp-content\\\/uploads\\\/2023\\\/05\\\/kira-surrogacy-logo.png\",\"width\":5104,\"height\":758,\"caption\":\"Kira Surrogacy\"},\"image\":{\"@id\":\"https:\\\/\\\/kirasurrogacy.com\\\/es\\\/#\\\/schema\\\/logo\\\/image\\\/\"}}]}<\/script>\n<!-- \/ Yoast SEO Premium plugin. -->","yoast_head_json":{"title":"Resumen del programa - Gracias - Kira Surrogacy","robots":{"index":"index","follow":"follow","max-snippet":"max-snippet:-1","max-image-preview":"max-image-preview:large","max-video-preview":"max-video-preview:-1"},"canonical":"https:\/\/kirasurrogacy.com\/es\/resumen-del-programa-gracias\/","og_locale":"es_ES","og_type":"article","og_title":"Resumen del programa - Gracias","og_url":"https:\/\/kirasurrogacy.com\/es\/resumen-del-programa-gracias\/","og_site_name":"Kira Surrogacy","article_modified_time":"2025-11-29T16:39:38+00:00","twitter_card":"summary_large_image","twitter_misc":{"Tiempo de lectura":"1 minuto"},"schema":{"@context":"https:\/\/schema.org","@graph":[{"@type":"WebPage","@id":"https:\/\/kirasurrogacy.com\/es\/resumen-del-programa-gracias\/","url":"https:\/\/kirasurrogacy.com\/es\/resumen-del-programa-gracias\/","name":"Resumen del programa - Gracias - Kira Surrogacy","isPartOf":{"@id":"https:\/\/kirasurrogacy.com\/es\/#website"},"datePublished":"2023-09-13T17:36:26+00:00","dateModified":"2025-11-29T16:39:38+00:00","breadcrumb":{"@id":"https:\/\/kirasurrogacy.com\/es\/resumen-del-programa-gracias\/#breadcrumb"},"inLanguage":"es","potentialAction":[{"@type":"ReadAction","target":["https:\/\/kirasurrogacy.com\/es\/resumen-del-programa-gracias\/"]}]},{"@type":"BreadcrumbList","@id":"https:\/\/kirasurrogacy.com\/es\/resumen-del-programa-gracias\/#breadcrumb","itemListElement":[{"@type":"ListItem","position":1,"name":"Home","item":"https:\/\/kirasurrogacy.com\/es\/inicio\/"},{"@type":"ListItem","position":2,"name":"Resumen del programa &#8211; Gracias"}]},{"@type":"WebSite","@id":"https:\/\/kirasurrogacy.com\/es\/#website","url":"https:\/\/kirasurrogacy.com\/es\/","name":"Kira Surrogacy","description":"Guaranteed Surrogacy in Mexico","publisher":{"@id":"https:\/\/kirasurrogacy.com\/es\/#organization"},"potentialAction":[{"@type":"SearchAction","target":{"@type":"EntryPoint","urlTemplate":"https:\/\/kirasurrogacy.com\/es\/?s={search_term_string}"},"query-input":{"@type":"PropertyValueSpecification","valueRequired":true,"valueName":"search_term_string"}}],"inLanguage":"es"},{"@type":"Organization","@id":"https:\/\/kirasurrogacy.com\/es\/#organization","name":"Kira Surrogacy","url":"https:\/\/kirasurrogacy.com\/es\/","logo":{"@type":"ImageObject","inLanguage":"es","@id":"https:\/\/kirasurrogacy.com\/es\/#\/schema\/logo\/image\/","url":"https:\/\/kirasurrogacy.com\/wp-content\/uploads\/2023\/05\/kira-surrogacy-logo.png","contentUrl":"https:\/\/kirasurrogacy.com\/wp-content\/uploads\/2023\/05\/kira-surrogacy-logo.png","width":5104,"height":758,"caption":"Kira Surrogacy"},"image":{"@id":"https:\/\/kirasurrogacy.com\/es\/#\/schema\/logo\/image\/"}}]}},"_links":{"self":[{"href":"https:\/\/kirasurrogacy.com\/es\/wp-json\/wp\/v2\/pages\/411","targetHints":{"allow":["GET"]}}],"collection":[{"href":"https:\/\/kirasurrogacy.com\/es\/wp-json\/wp\/v2\/pages"}],"about":[{"href":"https:\/\/kirasurrogacy.com\/es\/wp-json\/wp\/v2\/types\/page"}],"author":[{"embeddable":true,"href":"https:\/\/kirasurrogacy.com\/es\/wp-json\/wp\/v2\/users\/1"}],"replies":[{"embeddable":true,"href":"https:\/\/kirasurrogacy.com\/es\/wp-json\/wp\/v2\/comments?post=411"}],"version-history":[{"count":0,"href":"https:\/\/kirasurrogacy.com\/es\/wp-json\/wp\/v2\/pages\/411\/revisions"}],"wp:attachment":[{"href":"https:\/\/kirasurrogacy.com\/es\/wp-json\/wp\/v2\/media?parent=411"}],"curies":[{"name":"wp","href":"https:\/\/api.w.org\/{rel}","templated":true}]}}